{"id":3029,"date":"2025-03-07T16:52:06","date_gmt":"2025-03-07T16:52:06","guid":{"rendered":"https:\/\/casadolivreiro.pt\/?post_type=product&#038;p=3029"},"modified":"2025-03-07T16:52:06","modified_gmt":"2025-03-07T16:52:06","slug":"waterloo-napoleao-wellington-1815","status":"publish","type":"product","link":"https:\/\/casadolivreiro.pt\/index.php\/product\/waterloo-napoleao-wellington-1815\/","title":{"rendered":"WATERLOO \u2013 Napole\u00e2o, Wellington, 1815"},"content":{"rendered":"<p>WATERLOO \u2013 Napole\u00e2o, Wellington, 1815<\/p>\n<p>Colec\u00e7\u00e3o GRANDE BATALHAS DA HIST\u00d3RIA UNIVERSAL<\/p>\n<p>Ano de edi\u00e7\u00e3o: 2002<\/p>\n<p>Editor: QuidNovi<\/p>\n<p>Idioma: Portugu\u00eas<\/p>\n<p>Dimens\u00f5es: 15 x 0.8 x 20.6cm<\/p>\n<p>Encaderna\u00e7\u00e3o: Capa dura<\/p>\n<p>P\u00e1ginas: 64<\/p>\n","protected":false},"excerpt":{"rendered":"<p>WATERLOO \u2013 Napole\u00e2o, Wellington, 1815 Colec\u00e7\u00e3o GRANDE BATALHAS DA HIST\u00d3RIA UNIVERSAL Ano de edi\u00e7\u00e3o: 2002 Editor: QuidNovi Idioma: Portugu\u00eas Dimens\u00f5es: 15 x 0.8 x 20.6cm Encaderna\u00e7\u00e3o: Capa dura P\u00e1ginas: 64<\/p>\n","protected":false},"featured_media":3030,"comment_status":"open","ping_status":"closed","template":"","meta":{"om_disable_all_campaigns":false,"_monsterinsights_skip_tracking":false,"_monsterinsights_sitenote_active":false,"_monsterinsights_sitenote_note":"","_monsterinsights_sitenote_category":0,"_uf_show_specific_survey":0,"_uf_disable_surveys":false},"product_cat":[30],"product_tag":[],"aioseo_notices":[],"jetpack_sharing_enabled":true,"_links":{"self":[{"href":"https:\/\/casadolivreiro.pt\/index.php\/wp-json\/wp\/v2\/product\/3029"}],"collection":[{"href":"https:\/\/casadolivreiro.pt\/index.php\/wp-json\/wp\/v2\/product"}],"about":[{"href":"https:\/\/casadolivreiro.pt\/index.php\/wp-json\/wp\/v2\/types\/product"}],"replies":[{"embeddable":true,"href":"https:\/\/casadolivreiro.pt\/index.php\/wp-json\/wp\/v2\/comments?post=3029"}],"wp:featuredmedia":[{"embeddable":true,"href":"https:\/\/casadolivreiro.pt\/index.php\/wp-json\/wp\/v2\/media\/3030"}],"wp:attachment":[{"href":"https:\/\/casadolivreiro.pt\/index.php\/wp-json\/wp\/v2\/media?parent=3029"}],"wp:term":[{"taxonomy":"product_cat","embeddable":true,"href":"https:\/\/casadolivreiro.pt\/index.php\/wp-json\/wp\/v2\/product_cat?post=3029"},{"taxonomy":"product_tag","embeddable":true,"href":"https:\/\/casadolivreiro.pt\/index.php\/wp-json\/wp\/v2\/product_tag?post=3029"}],"curies":[{"name":"wp","href":"https:\/\/api.w.org\/{rel}","templated":true}]}}