{"id":3016,"date":"2025-03-07T16:40:19","date_gmt":"2025-03-07T16:40:19","guid":{"rendered":"https:\/\/casadolivreiro.pt\/?post_type=product&#038;p=3016"},"modified":"2025-03-07T16:40:19","modified_gmt":"2025-03-07T16:40:19","slug":"historia-da-civilizacao-ocidental-primeiro-volume-edward-mcnall-burns","status":"publish","type":"product","link":"https:\/\/casadolivreiro.pt\/index.php\/product\/historia-da-civilizacao-ocidental-primeiro-volume-edward-mcnall-burns\/","title":{"rendered":"HIST\u00d3RIA DA CIVILIZA\u00c7\u00c3O OCIDENTAL, Primeiro volume \u2013 Edward McNall Burns"},"content":{"rendered":"<p>HIST\u00d3RIA DA CIVILIZA\u00c7\u00c3O OCIDENTAL, Primeiro volume \u2013 Edward McNall Burns<\/p>\n<p>Tradu\u00e7\u00e3o de Alexandre Costa<\/p>\n<p>Ano de edi\u00e7\u00e3o: 1980<\/p>\n<p>Editor: Editora Globo<\/p>\n<p>Idioma: Portugu\u00eas<\/p>\n<p>Dimens\u00f5es: 15.5 x 2.5 x 25cm<\/p>\n<p>Encaderna\u00e7\u00e3o: Capa dura<\/p>\n<p>P\u00e1ginas: 366<\/p>\n","protected":false},"excerpt":{"rendered":"<p>HIST\u00d3RIA DA CIVILIZA\u00c7\u00c3O OCIDENTAL, Primeiro volume \u2013 Edward McNall Burns Tradu\u00e7\u00e3o de Alexandre Costa Ano de edi\u00e7\u00e3o: 1980 Editor: Editora Globo Idioma: Portugu\u00eas Dimens\u00f5es: 15.5 x 2.5 x 25cm Encaderna\u00e7\u00e3o: Capa dura P\u00e1ginas: 366<\/p>\n","protected":false},"featured_media":3017,"comment_status":"open","ping_status":"closed","template":"","meta":{"om_disable_all_campaigns":false,"_monsterinsights_skip_tracking":false,"_monsterinsights_sitenote_active":false,"_monsterinsights_sitenote_note":"","_monsterinsights_sitenote_category":0,"_uf_show_specific_survey":0,"_uf_disable_surveys":false},"product_cat":[30],"product_tag":[],"aioseo_notices":[],"jetpack_sharing_enabled":true,"_links":{"self":[{"href":"https:\/\/casadolivreiro.pt\/index.php\/wp-json\/wp\/v2\/product\/3016"}],"collection":[{"href":"https:\/\/casadolivreiro.pt\/index.php\/wp-json\/wp\/v2\/product"}],"about":[{"href":"https:\/\/casadolivreiro.pt\/index.php\/wp-json\/wp\/v2\/types\/product"}],"replies":[{"embeddable":true,"href":"https:\/\/casadolivreiro.pt\/index.php\/wp-json\/wp\/v2\/comments?post=3016"}],"wp:featuredmedia":[{"embeddable":true,"href":"https:\/\/casadolivreiro.pt\/index.php\/wp-json\/wp\/v2\/media\/3017"}],"wp:attachment":[{"href":"https:\/\/casadolivreiro.pt\/index.php\/wp-json\/wp\/v2\/media?parent=3016"}],"wp:term":[{"taxonomy":"product_cat","embeddable":true,"href":"https:\/\/casadolivreiro.pt\/index.php\/wp-json\/wp\/v2\/product_cat?post=3016"},{"taxonomy":"product_tag","embeddable":true,"href":"https:\/\/casadolivreiro.pt\/index.php\/wp-json\/wp\/v2\/product_tag?post=3016"}],"curies":[{"name":"wp","href":"https:\/\/api.w.org\/{rel}","templated":true}]}}