{"id":2998,"date":"2025-03-07T16:21:06","date_gmt":"2025-03-07T16:21:06","guid":{"rendered":"https:\/\/casadolivreiro.pt\/?post_type=product&#038;p=2998"},"modified":"2025-03-07T16:21:07","modified_gmt":"2025-03-07T16:21:07","slug":"fernao-mendes-pinto-mario-domingues","status":"publish","type":"product","link":"https:\/\/casadolivreiro.pt\/index.php\/product\/fernao-mendes-pinto-mario-domingues\/","title":{"rendered":"FERN\u00c3O MENDES PINTO &#8211; Mario Domingues"},"content":{"rendered":"<p>FERN\u00c3O MENDES PINTO &#8211; Mario Domingues<\/p>\n<p>Colec\u00e7\u00e3o\u00a0 Quer Saber\u2026?<\/p>\n<p>Ano de edi\u00e7\u00e3o: 1977<\/p>\n<p>Editor: Livraria Civiliza\u00e7\u00e3o &#8211; Editora<\/p>\n<p>Idioma: Portugu\u00eas<\/p>\n<p>Dimens\u00f5es: 12.2 x 1.2 x 19cm<\/p>\n<p>Encaderna\u00e7\u00e3o: Capa mole<\/p>\n<p>P\u00e1ginas: 211<\/p>\n","protected":false},"excerpt":{"rendered":"<p>FERN\u00c3O MENDES PINTO &#8211; Mario Domingues Colec\u00e7\u00e3o\u00a0 Quer Saber\u2026? Ano de edi\u00e7\u00e3o: 1977 Editor: Livraria Civiliza\u00e7\u00e3o &#8211; Editora Idioma: Portugu\u00eas Dimens\u00f5es: 12.2 x 1.2 x 19cm Encaderna\u00e7\u00e3o: Capa mole P\u00e1ginas: 211<\/p>\n","protected":false},"featured_media":2999,"comment_status":"open","ping_status":"closed","template":"","meta":{"om_disable_all_campaigns":false,"_monsterinsights_skip_tracking":false,"_monsterinsights_sitenote_active":false,"_monsterinsights_sitenote_note":"","_monsterinsights_sitenote_category":0,"_uf_show_specific_survey":0,"_uf_disable_surveys":false},"product_cat":[28,30],"product_tag":[],"aioseo_notices":[],"jetpack_sharing_enabled":true,"_links":{"self":[{"href":"https:\/\/casadolivreiro.pt\/index.php\/wp-json\/wp\/v2\/product\/2998"}],"collection":[{"href":"https:\/\/casadolivreiro.pt\/index.php\/wp-json\/wp\/v2\/product"}],"about":[{"href":"https:\/\/casadolivreiro.pt\/index.php\/wp-json\/wp\/v2\/types\/product"}],"replies":[{"embeddable":true,"href":"https:\/\/casadolivreiro.pt\/index.php\/wp-json\/wp\/v2\/comments?post=2998"}],"wp:featuredmedia":[{"embeddable":true,"href":"https:\/\/casadolivreiro.pt\/index.php\/wp-json\/wp\/v2\/media\/2999"}],"wp:attachment":[{"href":"https:\/\/casadolivreiro.pt\/index.php\/wp-json\/wp\/v2\/media?parent=2998"}],"wp:term":[{"taxonomy":"product_cat","embeddable":true,"href":"https:\/\/casadolivreiro.pt\/index.php\/wp-json\/wp\/v2\/product_cat?post=2998"},{"taxonomy":"product_tag","embeddable":true,"href":"https:\/\/casadolivreiro.pt\/index.php\/wp-json\/wp\/v2\/product_tag?post=2998"}],"curies":[{"name":"wp","href":"https:\/\/api.w.org\/{rel}","templated":true}]}}