{"id":2996,"date":"2025-03-07T16:18:39","date_gmt":"2025-03-07T16:18:39","guid":{"rendered":"https:\/\/casadolivreiro.pt\/?post_type=product&#038;p=2996"},"modified":"2025-03-07T16:18:40","modified_gmt":"2025-03-07T16:18:40","slug":"correspondencia-de-guerra-ii-churchill-estaline-1944-1945","status":"publish","type":"product","link":"https:\/\/casadolivreiro.pt\/index.php\/product\/correspondencia-de-guerra-ii-churchill-estaline-1944-1945\/","title":{"rendered":"CORRESPOND\u00caNCIA DE GUERRA II, Churchill \/ Estaline, 1944\/1945"},"content":{"rendered":"<p>CORRESPOND\u00caNCIA DE GUERRA II, Churchill \/ Estaline, 1944\/1945<\/p>\n<p>Colec\u00e7\u00e3o\u00a0 Biblioteca ARC\u00c1DIA de Bolso #114-115-116<\/p>\n<p>Tradu\u00e7\u00e3o de Jorge Feio<\/p>\n<p>Ano de edi\u00e7\u00e3o: 1970<\/p>\n<p>Editor: Arc\u00e1dia<\/p>\n<p>Idioma: Portugu\u00eas<\/p>\n<p>Dimens\u00f5es: 10.5 x 3.1 x 18cm<\/p>\n<p>Encaderna\u00e7\u00e3o: Capa mole<\/p>\n<p>P\u00e1ginas: 424<\/p>\n","protected":false},"excerpt":{"rendered":"<p>CORRESPOND\u00caNCIA DE GUERRA II, Churchill \/ Estaline, 1944\/1945 Colec\u00e7\u00e3o\u00a0 Biblioteca ARC\u00c1DIA de Bolso #114-115-116 Tradu\u00e7\u00e3o de Jorge Feio Ano de edi\u00e7\u00e3o: 1970 Editor: Arc\u00e1dia Idioma: Portugu\u00eas Dimens\u00f5es: 10.5 x 3.1 x 18cm Encaderna\u00e7\u00e3o: Capa mole P\u00e1ginas: 424<\/p>\n","protected":false},"featured_media":2997,"comment_status":"open","ping_status":"closed","template":"","meta":{"om_disable_all_campaigns":false,"_monsterinsights_skip_tracking":false,"_monsterinsights_sitenote_active":false,"_monsterinsights_sitenote_note":"","_monsterinsights_sitenote_category":0,"_uf_show_specific_survey":0,"_uf_disable_surveys":false},"product_cat":[30],"product_tag":[],"aioseo_notices":[],"jetpack_sharing_enabled":true,"_links":{"self":[{"href":"https:\/\/casadolivreiro.pt\/index.php\/wp-json\/wp\/v2\/product\/2996"}],"collection":[{"href":"https:\/\/casadolivreiro.pt\/index.php\/wp-json\/wp\/v2\/product"}],"about":[{"href":"https:\/\/casadolivreiro.pt\/index.php\/wp-json\/wp\/v2\/types\/product"}],"replies":[{"embeddable":true,"href":"https:\/\/casadolivreiro.pt\/index.php\/wp-json\/wp\/v2\/comments?post=2996"}],"wp:featuredmedia":[{"embeddable":true,"href":"https:\/\/casadolivreiro.pt\/index.php\/wp-json\/wp\/v2\/media\/2997"}],"wp:attachment":[{"href":"https:\/\/casadolivreiro.pt\/index.php\/wp-json\/wp\/v2\/media?parent=2996"}],"wp:term":[{"taxonomy":"product_cat","embeddable":true,"href":"https:\/\/casadolivreiro.pt\/index.php\/wp-json\/wp\/v2\/product_cat?post=2996"},{"taxonomy":"product_tag","embeddable":true,"href":"https:\/\/casadolivreiro.pt\/index.php\/wp-json\/wp\/v2\/product_tag?post=2996"}],"curies":[{"name":"wp","href":"https:\/\/api.w.org\/{rel}","templated":true}]}}