{"id":2990,"date":"2025-03-07T16:11:52","date_gmt":"2025-03-07T16:11:52","guid":{"rendered":"https:\/\/casadolivreiro.pt\/?post_type=product&#038;p=2990"},"modified":"2025-03-07T16:11:53","modified_gmt":"2025-03-07T16:11:53","slug":"historia-universal-volume-10-idade-contemporanea-1870-1914-jean-monnier-versao-portuguesa-do-prof-doutor-joaquim-verissimo-serrao","status":"publish","type":"product","link":"https:\/\/casadolivreiro.pt\/index.php\/product\/historia-universal-volume-10-idade-contemporanea-1870-1914-jean-monnier-versao-portuguesa-do-prof-doutor-joaquim-verissimo-serrao\/","title":{"rendered":"HIST\u00d3RIA UNIVERSAL Volume 10, IDADE CONTEMPOR\u00c3NEA (1870-1914) \u2013 Jean Monnier, Vers\u00e3o portuguesa do Prof. Doutor Joaquim Verissimo Serr\u00e3o"},"content":{"rendered":"<p>HIST\u00d3RIA UNIVERSAL Volume 10, IDADE CONTEMPOR\u00c3NEA (1870-1914) \u2013 Jean Monnier, Vers\u00e3o portuguesa do Prof. Doutor Joaquim Verissimo Serr\u00e3o<\/p>\n<p>Ano de edi\u00e7\u00e3o: 1968<\/p>\n<p>Editor: Verbo Juvenil<\/p>\n<p>Idioma: Portugu\u00eas<\/p>\n<p>Dimens\u00f5es: 22.4 x 1.5 x 28.4cm<\/p>\n<p>Encaderna\u00e7\u00e3o: Capa dura<\/p>\n<p>P\u00e1ginas: 92<\/p>\n","protected":false},"excerpt":{"rendered":"<p>HIST\u00d3RIA UNIVERSAL Volume 10, IDADE CONTEMPOR\u00c3NEA (1870-1914) \u2013 Jean Monnier, Vers\u00e3o portuguesa do Prof. Doutor Joaquim Verissimo Serr\u00e3o Ano de edi\u00e7\u00e3o: 1968 Editor: Verbo Juvenil Idioma: Portugu\u00eas Dimens\u00f5es: 22.4 x 1.5 x 28.4cm Encaderna\u00e7\u00e3o: Capa dura P\u00e1ginas: 92<\/p>\n","protected":false},"featured_media":2991,"comment_status":"open","ping_status":"closed","template":"","meta":{"om_disable_all_campaigns":false,"_monsterinsights_skip_tracking":false,"_monsterinsights_sitenote_active":false,"_monsterinsights_sitenote_note":"","_monsterinsights_sitenote_category":0,"_uf_show_specific_survey":0,"_uf_disable_surveys":false},"product_cat":[30],"product_tag":[],"aioseo_notices":[],"jetpack_sharing_enabled":true,"_links":{"self":[{"href":"https:\/\/casadolivreiro.pt\/index.php\/wp-json\/wp\/v2\/product\/2990"}],"collection":[{"href":"https:\/\/casadolivreiro.pt\/index.php\/wp-json\/wp\/v2\/product"}],"about":[{"href":"https:\/\/casadolivreiro.pt\/index.php\/wp-json\/wp\/v2\/types\/product"}],"replies":[{"embeddable":true,"href":"https:\/\/casadolivreiro.pt\/index.php\/wp-json\/wp\/v2\/comments?post=2990"}],"wp:featuredmedia":[{"embeddable":true,"href":"https:\/\/casadolivreiro.pt\/index.php\/wp-json\/wp\/v2\/media\/2991"}],"wp:attachment":[{"href":"https:\/\/casadolivreiro.pt\/index.php\/wp-json\/wp\/v2\/media?parent=2990"}],"wp:term":[{"taxonomy":"product_cat","embeddable":true,"href":"https:\/\/casadolivreiro.pt\/index.php\/wp-json\/wp\/v2\/product_cat?post=2990"},{"taxonomy":"product_tag","embeddable":true,"href":"https:\/\/casadolivreiro.pt\/index.php\/wp-json\/wp\/v2\/product_tag?post=2990"}],"curies":[{"name":"wp","href":"https:\/\/api.w.org\/{rel}","templated":true}]}}