{"id":298,"date":"2024-03-09T14:23:05","date_gmt":"2024-03-09T14:23:05","guid":{"rendered":"https:\/\/casadolivreiro.pt\/?post_type=product&#038;p=298"},"modified":"2024-03-15T11:41:39","modified_gmt":"2024-03-15T11:41:39","slug":"a-vida-sexual-de-berurier-san-antonio","status":"publish","type":"product","link":"https:\/\/casadolivreiro.pt\/index.php\/product\/a-vida-sexual-de-berurier-san-antonio\/","title":{"rendered":"A VIDA SEXUAL DE B\u00c9RURIER\u2026 San-Antonio"},"content":{"rendered":"<p>A VIDA SEXUAL DE B\u00c9RURIER\u2026<br \/>\nSan-Antonio<br \/>\nTradu\u00e7\u00e3o: J. Santos Tavares<br \/>\nEditor:\u00a0 R.P.A. \u2013 Publica\u00e7\u00f5es, Lisboa<br \/>\nData de Lan\u00e7amento:\u00a0 1976<br \/>\nIdioma:\u00a0 Portugu\u00eas<br \/>\nDimens\u00f5es:\u00a0\u00a0\u00a0\u00a0\u00a0 14 x 2 x 21cm<br \/>\nEncaderna\u00e7\u00e3o: Capa mole<br \/>\nP\u00e1ginas:\u00a0\u00a0 380<\/p>\n","protected":false},"excerpt":{"rendered":"<p>A VIDA SEXUAL DE B\u00c9RURIER\u2026 San-Antonio Tradu\u00e7\u00e3o: J. Santos Tavares Editor:\u00a0 R.P.A. \u2013 Publica\u00e7\u00f5es, Lisboa Data de Lan\u00e7amento:\u00a0 1976 Idioma:\u00a0 Portugu\u00eas Dimens\u00f5es:\u00a0\u00a0\u00a0\u00a0\u00a0 14 x 2 x 21cm Encaderna\u00e7\u00e3o: Capa mole P\u00e1ginas:\u00a0\u00a0 380<\/p>\n","protected":false},"featured_media":299,"comment_status":"open","ping_status":"closed","template":"","meta":{"om_disable_all_campaigns":false,"_monsterinsights_skip_tracking":false,"_monsterinsights_sitenote_active":false,"_monsterinsights_sitenote_note":"","_monsterinsights_sitenote_category":0,"_uf_show_specific_survey":0,"_uf_disable_surveys":false},"product_cat":[26,62,37,67],"product_tag":[],"aioseo_notices":[],"jetpack_sharing_enabled":true,"_links":{"self":[{"href":"https:\/\/casadolivreiro.pt\/index.php\/wp-json\/wp\/v2\/product\/298"}],"collection":[{"href":"https:\/\/casadolivreiro.pt\/index.php\/wp-json\/wp\/v2\/product"}],"about":[{"href":"https:\/\/casadolivreiro.pt\/index.php\/wp-json\/wp\/v2\/types\/product"}],"replies":[{"embeddable":true,"href":"https:\/\/casadolivreiro.pt\/index.php\/wp-json\/wp\/v2\/comments?post=298"}],"wp:featuredmedia":[{"embeddable":true,"href":"https:\/\/casadolivreiro.pt\/index.php\/wp-json\/wp\/v2\/media\/299"}],"wp:attachment":[{"href":"https:\/\/casadolivreiro.pt\/index.php\/wp-json\/wp\/v2\/media?parent=298"}],"wp:term":[{"taxonomy":"product_cat","embeddable":true,"href":"https:\/\/casadolivreiro.pt\/index.php\/wp-json\/wp\/v2\/product_cat?post=298"},{"taxonomy":"product_tag","embeddable":true,"href":"https:\/\/casadolivreiro.pt\/index.php\/wp-json\/wp\/v2\/product_tag?post=298"}],"curies":[{"name":"wp","href":"https:\/\/api.w.org\/{rel}","templated":true}]}}