{"id":2964,"date":"2025-03-07T15:36:28","date_gmt":"2025-03-07T15:36:28","guid":{"rendered":"https:\/\/casadolivreiro.pt\/?post_type=product&#038;p=2964"},"modified":"2025-03-07T15:37:27","modified_gmt":"2025-03-07T15:37:27","slug":"na-rota-da-pimenta-as-vias-os-meios-os-homens-theresa-m-schedel-de-castello-branco","status":"publish","type":"product","link":"https:\/\/casadolivreiro.pt\/index.php\/product\/na-rota-da-pimenta-as-vias-os-meios-os-homens-theresa-m-schedel-de-castello-branco\/","title":{"rendered":"NA ROTA DA PIMENTA, AS VIAS, OS MEIOS, OS HOMENS \u2013 Theresa M. Schedel de Castello Branco"},"content":{"rendered":"<p>NA ROTA DA PIMENTA, AS VIAS, OS MEIOS, OS HOMENS \u2013 Theresa M. Schedel de Castello Branco<\/p>\n<p>Ano de edi\u00e7\u00e3o: 2006, 1\u00aa edi\u00e7\u00e3o<\/p>\n<p>Editor: Presen\u00e7a<\/p>\n<p>Idioma: Portugu\u00eas<\/p>\n<p>Dimens\u00f5es: 15 x 2 x 23cm<\/p>\n<p>Encaderna\u00e7\u00e3o: Capa mole<\/p>\n<p>P\u00e1ginas: 335<\/p>\n","protected":false},"excerpt":{"rendered":"<p>NA ROTA DA PIMENTA, AS VIAS, OS MEIOS, OS HOMENS \u2013 Theresa M. Schedel de Castello Branco Ano de edi\u00e7\u00e3o: 2006, 1\u00aa edi\u00e7\u00e3o Editor: Presen\u00e7a Idioma: Portugu\u00eas Dimens\u00f5es: 15 x 2 x 23cm Encaderna\u00e7\u00e3o: Capa mole P\u00e1ginas: 335<\/p>\n","protected":false},"featured_media":2965,"comment_status":"open","ping_status":"closed","template":"","meta":{"om_disable_all_campaigns":false,"_monsterinsights_skip_tracking":false,"_monsterinsights_sitenote_active":false,"_monsterinsights_sitenote_note":"","_monsterinsights_sitenote_category":0,"_uf_show_specific_survey":0,"_uf_disable_surveys":false},"product_cat":[30,61],"product_tag":[],"aioseo_notices":[],"jetpack_sharing_enabled":true,"_links":{"self":[{"href":"https:\/\/casadolivreiro.pt\/index.php\/wp-json\/wp\/v2\/product\/2964"}],"collection":[{"href":"https:\/\/casadolivreiro.pt\/index.php\/wp-json\/wp\/v2\/product"}],"about":[{"href":"https:\/\/casadolivreiro.pt\/index.php\/wp-json\/wp\/v2\/types\/product"}],"replies":[{"embeddable":true,"href":"https:\/\/casadolivreiro.pt\/index.php\/wp-json\/wp\/v2\/comments?post=2964"}],"wp:featuredmedia":[{"embeddable":true,"href":"https:\/\/casadolivreiro.pt\/index.php\/wp-json\/wp\/v2\/media\/2965"}],"wp:attachment":[{"href":"https:\/\/casadolivreiro.pt\/index.php\/wp-json\/wp\/v2\/media?parent=2964"}],"wp:term":[{"taxonomy":"product_cat","embeddable":true,"href":"https:\/\/casadolivreiro.pt\/index.php\/wp-json\/wp\/v2\/product_cat?post=2964"},{"taxonomy":"product_tag","embeddable":true,"href":"https:\/\/casadolivreiro.pt\/index.php\/wp-json\/wp\/v2\/product_tag?post=2964"}],"curies":[{"name":"wp","href":"https:\/\/api.w.org\/{rel}","templated":true}]}}