{"id":2962,"date":"2025-03-07T15:33:50","date_gmt":"2025-03-07T15:33:50","guid":{"rendered":"https:\/\/casadolivreiro.pt\/?post_type=product&#038;p=2962"},"modified":"2025-03-07T15:33:51","modified_gmt":"2025-03-07T15:33:51","slug":"grandes-figuras-da-historia-de-portugal-antoniomaria-zorro","status":"publish","type":"product","link":"https:\/\/casadolivreiro.pt\/index.php\/product\/grandes-figuras-da-historia-de-portugal-antoniomaria-zorro\/","title":{"rendered":"GRANDES FIGURAS DA HIST\u00d3RIA DE PORTUGAL- Ant\u00f3nioMaria Zorro"},"content":{"rendered":"<p>GRANDES FIGURAS DA HIST\u00d3RIA DE PORTUGAL- Ant\u00f3nioMaria Zorro<\/p>\n<p>Ano de edi\u00e7\u00e3o: 1986<\/p>\n<p>Editor: Verbo<\/p>\n<p>Idioma: Portugu\u00eas<\/p>\n<p>Dimens\u00f5es: 14 x 0.4 x 21.8cm<\/p>\n<p>Encaderna\u00e7\u00e3o: Capa mole<\/p>\n<p>P\u00e1ginas: 61<\/p>\n","protected":false},"excerpt":{"rendered":"<p>GRANDES FIGURAS DA HIST\u00d3RIA DE PORTUGAL- Ant\u00f3nioMaria Zorro Ano de edi\u00e7\u00e3o: 1986 Editor: Verbo Idioma: Portugu\u00eas Dimens\u00f5es: 14 x 0.4 x 21.8cm Encaderna\u00e7\u00e3o: Capa mole P\u00e1ginas: 61<\/p>\n","protected":false},"featured_media":2963,"comment_status":"open","ping_status":"closed","template":"","meta":{"om_disable_all_campaigns":false,"_monsterinsights_skip_tracking":false,"_monsterinsights_sitenote_active":false,"_monsterinsights_sitenote_note":"","_monsterinsights_sitenote_category":0,"_uf_show_specific_survey":0,"_uf_disable_surveys":false},"product_cat":[28,30],"product_tag":[],"aioseo_notices":[],"jetpack_sharing_enabled":true,"_links":{"self":[{"href":"https:\/\/casadolivreiro.pt\/index.php\/wp-json\/wp\/v2\/product\/2962"}],"collection":[{"href":"https:\/\/casadolivreiro.pt\/index.php\/wp-json\/wp\/v2\/product"}],"about":[{"href":"https:\/\/casadolivreiro.pt\/index.php\/wp-json\/wp\/v2\/types\/product"}],"replies":[{"embeddable":true,"href":"https:\/\/casadolivreiro.pt\/index.php\/wp-json\/wp\/v2\/comments?post=2962"}],"wp:featuredmedia":[{"embeddable":true,"href":"https:\/\/casadolivreiro.pt\/index.php\/wp-json\/wp\/v2\/media\/2963"}],"wp:attachment":[{"href":"https:\/\/casadolivreiro.pt\/index.php\/wp-json\/wp\/v2\/media?parent=2962"}],"wp:term":[{"taxonomy":"product_cat","embeddable":true,"href":"https:\/\/casadolivreiro.pt\/index.php\/wp-json\/wp\/v2\/product_cat?post=2962"},{"taxonomy":"product_tag","embeddable":true,"href":"https:\/\/casadolivreiro.pt\/index.php\/wp-json\/wp\/v2\/product_tag?post=2962"}],"curies":[{"name":"wp","href":"https:\/\/api.w.org\/{rel}","templated":true}]}}