{"id":296,"date":"2024-03-09T14:17:25","date_gmt":"2024-03-09T14:17:25","guid":{"rendered":"https:\/\/casadolivreiro.pt\/?post_type=product&#038;p=296"},"modified":"2024-03-15T11:42:54","modified_gmt":"2024-03-15T11:42:54","slug":"o-presidente-sexo-na-casa-branca-judith-exner","status":"publish","type":"product","link":"https:\/\/casadolivreiro.pt\/index.php\/product\/o-presidente-sexo-na-casa-branca-judith-exner\/","title":{"rendered":"O PRESIDENTE: SEXO NA CASA BRANCA Judith Exner"},"content":{"rendered":"<p>O PRESIDENTE: SEXO NA CASA BRANCA<br \/>\nJudith Exner<br \/>\nTradu\u00e7\u00e3o: Wilma Ronald de Carvalho<br \/>\nEditor:\u00a0 Internacional Portug\u00e1lia Editora. Rio de Janeiro. S.d.<br \/>\nData de Lan\u00e7amento:\u00a0 1977<br \/>\nIdioma:\u00a0 Portugu\u00eas<br \/>\nDimens\u00f5es:\u00a0\u00a0\u00a0\u00a0\u00a0 14 x 1.7 x 21cm<br \/>\nEncaderna\u00e7\u00e3o: Capa mole<br \/>\nP\u00e1ginas:\u00a0\u00a0\u00a0 298<br \/>\nIlustrado em extratexto com fotografias e fac-similes de documentos e impressos e manuscritos.<\/p>\n","protected":false},"excerpt":{"rendered":"<p>O PRESIDENTE: SEXO NA CASA BRANCA Judith Exner Tradu\u00e7\u00e3o: Wilma Ronald de Carvalho Editor:\u00a0 Internacional Portug\u00e1lia Editora. Rio de Janeiro. S.d. Data de Lan\u00e7amento:\u00a0 1977 Idioma:\u00a0 Portugu\u00eas Dimens\u00f5es:\u00a0\u00a0\u00a0\u00a0\u00a0 14 x 1.7 x 21cm Encaderna\u00e7\u00e3o: Capa mole P\u00e1ginas:\u00a0\u00a0\u00a0 298 Ilustrado em extratexto com fotografias e fac-similes de documentos e impressos e manuscritos.<\/p>\n","protected":false},"featured_media":297,"comment_status":"open","ping_status":"closed","template":"","meta":{"om_disable_all_campaigns":false,"_monsterinsights_skip_tracking":false,"_monsterinsights_sitenote_active":false,"_monsterinsights_sitenote_note":"","_monsterinsights_sitenote_category":0,"_uf_show_specific_survey":0,"_uf_disable_surveys":false},"product_cat":[28,30,62,51,67],"product_tag":[],"aioseo_notices":[],"jetpack_sharing_enabled":true,"_links":{"self":[{"href":"https:\/\/casadolivreiro.pt\/index.php\/wp-json\/wp\/v2\/product\/296"}],"collection":[{"href":"https:\/\/casadolivreiro.pt\/index.php\/wp-json\/wp\/v2\/product"}],"about":[{"href":"https:\/\/casadolivreiro.pt\/index.php\/wp-json\/wp\/v2\/types\/product"}],"replies":[{"embeddable":true,"href":"https:\/\/casadolivreiro.pt\/index.php\/wp-json\/wp\/v2\/comments?post=296"}],"wp:featuredmedia":[{"embeddable":true,"href":"https:\/\/casadolivreiro.pt\/index.php\/wp-json\/wp\/v2\/media\/297"}],"wp:attachment":[{"href":"https:\/\/casadolivreiro.pt\/index.php\/wp-json\/wp\/v2\/media?parent=296"}],"wp:term":[{"taxonomy":"product_cat","embeddable":true,"href":"https:\/\/casadolivreiro.pt\/index.php\/wp-json\/wp\/v2\/product_cat?post=296"},{"taxonomy":"product_tag","embeddable":true,"href":"https:\/\/casadolivreiro.pt\/index.php\/wp-json\/wp\/v2\/product_tag?post=296"}],"curies":[{"name":"wp","href":"https:\/\/api.w.org\/{rel}","templated":true}]}}