{"id":2951,"date":"2025-03-07T15:15:37","date_gmt":"2025-03-07T15:15:37","guid":{"rendered":"https:\/\/casadolivreiro.pt\/?post_type=product&#038;p=2951"},"modified":"2025-03-07T15:15:37","modified_gmt":"2025-03-07T15:15:37","slug":"salazar-vol-ii-os-tempos-aureos-1928-1936-franco-nogueira","status":"publish","type":"product","link":"https:\/\/casadolivreiro.pt\/index.php\/product\/salazar-vol-ii-os-tempos-aureos-1928-1936-franco-nogueira\/","title":{"rendered":"SALAZAR, Vol.II OS TEMPOS AUREOS (1928-1936) \u2013 Franco Nogueira"},"content":{"rendered":"<p>SALAZAR, Vol.II OS TEMPOS AUREOS (1928-1936) \u2013 Franco Nogueira<\/p>\n<p>Ano de edi\u00e7\u00e3o:<\/p>\n<p>Editor: Atlantida Editora, Coimbra<\/p>\n<p>Idioma: Portugu\u00eas<\/p>\n<p>Dimens\u00f5es: 15.3 x 2.5 x 21.5cm<\/p>\n<p>Encaderna\u00e7\u00e3o: Capa mole<\/p>\n<p>P\u00e1ginas: 380<\/p>\n","protected":false},"excerpt":{"rendered":"<p>SALAZAR, Vol.II OS TEMPOS AUREOS (1928-1936) \u2013 Franco Nogueira Ano de edi\u00e7\u00e3o: Editor: Atlantida Editora, Coimbra Idioma: Portugu\u00eas Dimens\u00f5es: 15.3 x 2.5 x 21.5cm Encaderna\u00e7\u00e3o: Capa mole P\u00e1ginas: 380<\/p>\n","protected":false},"featured_media":2952,"comment_status":"open","ping_status":"closed","template":"","meta":{"om_disable_all_campaigns":false,"_monsterinsights_skip_tracking":false,"_monsterinsights_sitenote_active":false,"_monsterinsights_sitenote_note":"","_monsterinsights_sitenote_category":0,"_uf_show_specific_survey":0,"_uf_disable_surveys":false},"product_cat":[28,30],"product_tag":[],"aioseo_notices":[],"jetpack_sharing_enabled":true,"_links":{"self":[{"href":"https:\/\/casadolivreiro.pt\/index.php\/wp-json\/wp\/v2\/product\/2951"}],"collection":[{"href":"https:\/\/casadolivreiro.pt\/index.php\/wp-json\/wp\/v2\/product"}],"about":[{"href":"https:\/\/casadolivreiro.pt\/index.php\/wp-json\/wp\/v2\/types\/product"}],"replies":[{"embeddable":true,"href":"https:\/\/casadolivreiro.pt\/index.php\/wp-json\/wp\/v2\/comments?post=2951"}],"wp:featuredmedia":[{"embeddable":true,"href":"https:\/\/casadolivreiro.pt\/index.php\/wp-json\/wp\/v2\/media\/2952"}],"wp:attachment":[{"href":"https:\/\/casadolivreiro.pt\/index.php\/wp-json\/wp\/v2\/media?parent=2951"}],"wp:term":[{"taxonomy":"product_cat","embeddable":true,"href":"https:\/\/casadolivreiro.pt\/index.php\/wp-json\/wp\/v2\/product_cat?post=2951"},{"taxonomy":"product_tag","embeddable":true,"href":"https:\/\/casadolivreiro.pt\/index.php\/wp-json\/wp\/v2\/product_tag?post=2951"}],"curies":[{"name":"wp","href":"https:\/\/api.w.org\/{rel}","templated":true}]}}