{"id":2943,"date":"2025-03-03T18:53:18","date_gmt":"2025-03-03T18:53:18","guid":{"rendered":"https:\/\/casadolivreiro.pt\/?post_type=product&#038;p=2943"},"modified":"2025-03-03T18:53:18","modified_gmt":"2025-03-03T18:53:18","slug":"uma-mulher-barbara-taylor-bradford","status":"publish","type":"product","link":"https:\/\/casadolivreiro.pt\/index.php\/product\/uma-mulher-barbara-taylor-bradford\/","title":{"rendered":"UMA MULHER \u2013 Barbara Taylor Bradford"},"content":{"rendered":"<p>UMA MULHER \u2013 Barbara Taylor Bradford<\/p>\n<p>Tradu\u00e7\u00e3o de Maria Em\u00edlia Ferros Moura<\/p>\n<p>Ano de edi\u00e7\u00e3o: 1983<\/p>\n<p>Editor: Circulo de Leitores<\/p>\n<p>Idioma: Portugu\u00eas<\/p>\n<p>Dimens\u00f5es: 15.5 x 3.5 x 24cm<\/p>\n<p>Encaderna\u00e7\u00e3o: Capa dura<\/p>\n<p>P\u00e1ginas: 590<\/p>\n","protected":false},"excerpt":{"rendered":"<p>UMA MULHER \u2013 Barbara Taylor Bradford Tradu\u00e7\u00e3o de Maria Em\u00edlia Ferros Moura Ano de edi\u00e7\u00e3o: 1983 Editor: Circulo de Leitores Idioma: Portugu\u00eas Dimens\u00f5es: 15.5 x 3.5 x 24cm Encaderna\u00e7\u00e3o: Capa dura P\u00e1ginas: 590<\/p>\n","protected":false},"featured_media":2944,"comment_status":"open","ping_status":"closed","template":"","meta":{"om_disable_all_campaigns":false,"_monsterinsights_skip_tracking":false,"_monsterinsights_sitenote_active":false,"_monsterinsights_sitenote_note":"","_monsterinsights_sitenote_category":0,"_uf_show_specific_survey":0,"_uf_disable_surveys":false},"product_cat":[26],"product_tag":[],"aioseo_notices":[],"jetpack_sharing_enabled":true,"_links":{"self":[{"href":"https:\/\/casadolivreiro.pt\/index.php\/wp-json\/wp\/v2\/product\/2943"}],"collection":[{"href":"https:\/\/casadolivreiro.pt\/index.php\/wp-json\/wp\/v2\/product"}],"about":[{"href":"https:\/\/casadolivreiro.pt\/index.php\/wp-json\/wp\/v2\/types\/product"}],"replies":[{"embeddable":true,"href":"https:\/\/casadolivreiro.pt\/index.php\/wp-json\/wp\/v2\/comments?post=2943"}],"wp:featuredmedia":[{"embeddable":true,"href":"https:\/\/casadolivreiro.pt\/index.php\/wp-json\/wp\/v2\/media\/2944"}],"wp:attachment":[{"href":"https:\/\/casadolivreiro.pt\/index.php\/wp-json\/wp\/v2\/media?parent=2943"}],"wp:term":[{"taxonomy":"product_cat","embeddable":true,"href":"https:\/\/casadolivreiro.pt\/index.php\/wp-json\/wp\/v2\/product_cat?post=2943"},{"taxonomy":"product_tag","embeddable":true,"href":"https:\/\/casadolivreiro.pt\/index.php\/wp-json\/wp\/v2\/product_tag?post=2943"}],"curies":[{"name":"wp","href":"https:\/\/api.w.org\/{rel}","templated":true}]}}