{"id":2934,"date":"2025-03-03T13:39:01","date_gmt":"2025-03-03T13:39:01","guid":{"rendered":"https:\/\/casadolivreiro.pt\/?post_type=product&#038;p=2934"},"modified":"2025-03-03T13:39:01","modified_gmt":"2025-03-03T13:39:01","slug":"sete-contos-goticos-volume-1-karen-blixen","status":"publish","type":"product","link":"https:\/\/casadolivreiro.pt\/index.php\/product\/sete-contos-goticos-volume-1-karen-blixen\/","title":{"rendered":"SETE CONTOS G\u00d3TICOS, Volume 1 \u2013 Karen Blixen"},"content":{"rendered":"<p>SETE CONTOS G\u00d3TICOS, Volume 1 \u2013 Karen Blixen<\/p>\n<p>Tradu\u00e7\u00e3o de Maria Jos\u00e9 Jorge<\/p>\n<p>Colec\u00e7\u00e3o \u00a0Bolso Dom Quixote<\/p>\n<p>Ano de edi\u00e7\u00e3o: 1987<\/p>\n<p>Editor: Dom Quixote<\/p>\n<p>Idioma: Portugu\u00eas<\/p>\n<p>Dimens\u00f5es: 13 x 1.8 x 20.3cm<\/p>\n<p>Encaderna\u00e7\u00e3o: Capa mole<\/p>\n<p>P\u00e1ginas: 188<\/p>\n","protected":false},"excerpt":{"rendered":"<p>SETE CONTOS G\u00d3TICOS, Volume 1 \u2013 Karen Blixen Tradu\u00e7\u00e3o de Maria Jos\u00e9 Jorge Colec\u00e7\u00e3o \u00a0Bolso Dom Quixote Ano de edi\u00e7\u00e3o: 1987 Editor: Dom Quixote Idioma: Portugu\u00eas Dimens\u00f5es: 13 x 1.8 x 20.3cm Encaderna\u00e7\u00e3o: Capa mole P\u00e1ginas: 188<\/p>\n","protected":false},"featured_media":2935,"comment_status":"open","ping_status":"closed","template":"","meta":{"om_disable_all_campaigns":false,"_monsterinsights_skip_tracking":false,"_monsterinsights_sitenote_active":false,"_monsterinsights_sitenote_note":"","_monsterinsights_sitenote_category":0,"_uf_show_specific_survey":0,"_uf_disable_surveys":false},"product_cat":[26],"product_tag":[],"aioseo_notices":[],"jetpack_sharing_enabled":true,"_links":{"self":[{"href":"https:\/\/casadolivreiro.pt\/index.php\/wp-json\/wp\/v2\/product\/2934"}],"collection":[{"href":"https:\/\/casadolivreiro.pt\/index.php\/wp-json\/wp\/v2\/product"}],"about":[{"href":"https:\/\/casadolivreiro.pt\/index.php\/wp-json\/wp\/v2\/types\/product"}],"replies":[{"embeddable":true,"href":"https:\/\/casadolivreiro.pt\/index.php\/wp-json\/wp\/v2\/comments?post=2934"}],"wp:featuredmedia":[{"embeddable":true,"href":"https:\/\/casadolivreiro.pt\/index.php\/wp-json\/wp\/v2\/media\/2935"}],"wp:attachment":[{"href":"https:\/\/casadolivreiro.pt\/index.php\/wp-json\/wp\/v2\/media?parent=2934"}],"wp:term":[{"taxonomy":"product_cat","embeddable":true,"href":"https:\/\/casadolivreiro.pt\/index.php\/wp-json\/wp\/v2\/product_cat?post=2934"},{"taxonomy":"product_tag","embeddable":true,"href":"https:\/\/casadolivreiro.pt\/index.php\/wp-json\/wp\/v2\/product_tag?post=2934"}],"curies":[{"name":"wp","href":"https:\/\/api.w.org\/{rel}","templated":true}]}}