{"id":2928,"date":"2025-03-03T13:13:50","date_gmt":"2025-03-03T13:13:50","guid":{"rendered":"https:\/\/casadolivreiro.pt\/?post_type=product&#038;p=2928"},"modified":"2025-03-03T13:13:50","modified_gmt":"2025-03-03T13:13:50","slug":"a-morte-de-danton-georg-buchner","status":"publish","type":"product","link":"https:\/\/casadolivreiro.pt\/index.php\/product\/a-morte-de-danton-georg-buchner\/","title":{"rendered":"A MORTE DE DANTON \u2013 Georg B\u00fcchner"},"content":{"rendered":"<p>A MORTE DE DANTON \u2013 Georg B\u00fcchner<\/p>\n<p>Colec\u00e7\u00e3o Teatro<\/p>\n<p>Tradu\u00e7\u00e3o de Orlando Neves<\/p>\n<p>Ano de edi\u00e7\u00e3o: 1967<\/p>\n<p>Editor: In\u00edcio, Lisboa<\/p>\n<p>Idioma: Portugu\u00eas<\/p>\n<p>Dimens\u00f5es: 14.3 x 1 x 21.3cm<\/p>\n<p>Encaderna\u00e7\u00e3o: Capa mole<\/p>\n<p>P\u00e1ginas: 110<\/p>\n","protected":false},"excerpt":{"rendered":"<p>A MORTE DE DANTON \u2013 Georg B\u00fcchner Colec\u00e7\u00e3o Teatro Tradu\u00e7\u00e3o de Orlando Neves Ano de edi\u00e7\u00e3o: 1967 Editor: In\u00edcio, Lisboa Idioma: Portugu\u00eas Dimens\u00f5es: 14.3 x 1 x 21.3cm Encaderna\u00e7\u00e3o: Capa mole P\u00e1ginas: 110<\/p>\n","protected":false},"featured_media":2929,"comment_status":"open","ping_status":"closed","template":"","meta":{"om_disable_all_campaigns":false,"_monsterinsights_skip_tracking":false,"_monsterinsights_sitenote_active":false,"_monsterinsights_sitenote_note":"","_monsterinsights_sitenote_category":0,"_uf_show_specific_survey":0,"_uf_disable_surveys":false},"product_cat":[26,59],"product_tag":[],"aioseo_notices":[],"jetpack_sharing_enabled":true,"_links":{"self":[{"href":"https:\/\/casadolivreiro.pt\/index.php\/wp-json\/wp\/v2\/product\/2928"}],"collection":[{"href":"https:\/\/casadolivreiro.pt\/index.php\/wp-json\/wp\/v2\/product"}],"about":[{"href":"https:\/\/casadolivreiro.pt\/index.php\/wp-json\/wp\/v2\/types\/product"}],"replies":[{"embeddable":true,"href":"https:\/\/casadolivreiro.pt\/index.php\/wp-json\/wp\/v2\/comments?post=2928"}],"wp:featuredmedia":[{"embeddable":true,"href":"https:\/\/casadolivreiro.pt\/index.php\/wp-json\/wp\/v2\/media\/2929"}],"wp:attachment":[{"href":"https:\/\/casadolivreiro.pt\/index.php\/wp-json\/wp\/v2\/media?parent=2928"}],"wp:term":[{"taxonomy":"product_cat","embeddable":true,"href":"https:\/\/casadolivreiro.pt\/index.php\/wp-json\/wp\/v2\/product_cat?post=2928"},{"taxonomy":"product_tag","embeddable":true,"href":"https:\/\/casadolivreiro.pt\/index.php\/wp-json\/wp\/v2\/product_tag?post=2928"}],"curies":[{"name":"wp","href":"https:\/\/api.w.org\/{rel}","templated":true}]}}