{"id":2924,"date":"2025-03-03T13:00:03","date_gmt":"2025-03-03T13:00:03","guid":{"rendered":"https:\/\/casadolivreiro.pt\/?post_type=product&#038;p=2924"},"modified":"2025-03-03T13:00:04","modified_gmt":"2025-03-03T13:00:04","slug":"ate-sempre-raquel-alvaro-ferreira-gomes","status":"publish","type":"product","link":"https:\/\/casadolivreiro.pt\/index.php\/product\/ate-sempre-raquel-alvaro-ferreira-gomes\/","title":{"rendered":"AT\u00c9 SEMPRE RAQUEL \u2013 \u00c1lvaro Ferreira Gomes"},"content":{"rendered":"<p>AT\u00c9 SEMPRE RAQUEL \u2013 \u00c1lvaro Ferreira Gomes<\/p>\n<p>Ano de edi\u00e7\u00e3o: 1998<\/p>\n<p>Editor: edi\u00e7\u00e3o do autor<\/p>\n<p>Idioma: Portugu\u00eas<\/p>\n<p>Dimens\u00f5es: 14.5 x 1 x 20.5cm<\/p>\n<p>Encaderna\u00e7\u00e3o: Capa mole<\/p>\n<p>P\u00e1ginas: 133<\/p>\n","protected":false},"excerpt":{"rendered":"<p>AT\u00c9 SEMPRE RAQUEL \u2013 \u00c1lvaro Ferreira Gomes Ano de edi\u00e7\u00e3o: 1998 Editor: edi\u00e7\u00e3o do autor Idioma: Portugu\u00eas Dimens\u00f5es: 14.5 x 1 x 20.5cm Encaderna\u00e7\u00e3o: Capa mole P\u00e1ginas: 133<\/p>\n","protected":false},"featured_media":2925,"comment_status":"open","ping_status":"closed","template":"","meta":{"om_disable_all_campaigns":false,"_monsterinsights_skip_tracking":false,"_monsterinsights_sitenote_active":false,"_monsterinsights_sitenote_note":"","_monsterinsights_sitenote_category":0,"_uf_show_specific_survey":0,"_uf_disable_surveys":false},"product_cat":[25,27],"product_tag":[],"aioseo_notices":[],"jetpack_sharing_enabled":true,"_links":{"self":[{"href":"https:\/\/casadolivreiro.pt\/index.php\/wp-json\/wp\/v2\/product\/2924"}],"collection":[{"href":"https:\/\/casadolivreiro.pt\/index.php\/wp-json\/wp\/v2\/product"}],"about":[{"href":"https:\/\/casadolivreiro.pt\/index.php\/wp-json\/wp\/v2\/types\/product"}],"replies":[{"embeddable":true,"href":"https:\/\/casadolivreiro.pt\/index.php\/wp-json\/wp\/v2\/comments?post=2924"}],"wp:featuredmedia":[{"embeddable":true,"href":"https:\/\/casadolivreiro.pt\/index.php\/wp-json\/wp\/v2\/media\/2925"}],"wp:attachment":[{"href":"https:\/\/casadolivreiro.pt\/index.php\/wp-json\/wp\/v2\/media?parent=2924"}],"wp:term":[{"taxonomy":"product_cat","embeddable":true,"href":"https:\/\/casadolivreiro.pt\/index.php\/wp-json\/wp\/v2\/product_cat?post=2924"},{"taxonomy":"product_tag","embeddable":true,"href":"https:\/\/casadolivreiro.pt\/index.php\/wp-json\/wp\/v2\/product_tag?post=2924"}],"curies":[{"name":"wp","href":"https:\/\/api.w.org\/{rel}","templated":true}]}}