{"id":2920,"date":"2025-03-03T01:11:09","date_gmt":"2025-03-03T01:11:09","guid":{"rendered":"https:\/\/casadolivreiro.pt\/?post_type=product&#038;p=2920"},"modified":"2025-03-03T01:11:09","modified_gmt":"2025-03-03T01:11:09","slug":"the-cure-bruna-zarini-e-giuseppe-cavazzoni","status":"publish","type":"product","link":"https:\/\/casadolivreiro.pt\/index.php\/product\/the-cure-bruna-zarini-e-giuseppe-cavazzoni\/","title":{"rendered":"THE CURE \u2013 Bruna Zarini e Giuseppe Cavazzoni"},"content":{"rendered":"<p>THE CURE \u2013 Bruna Zarini e Giuseppe Cavazzoni<\/p>\n<p>Ano de edi\u00e7\u00e3o:<\/p>\n<p>Editor: Nuovi Equilibri SRL, Viterbo<\/p>\n<p>Idioma: Ingl\u00eas \/ Italiano<\/p>\n<p>Dimens\u00f5es: 20 x 0.8 x 20cm<\/p>\n<p>Encaderna\u00e7\u00e3o: Capa mole<\/p>\n<p>P\u00e1ginas: 106<\/p>\n","protected":false},"excerpt":{"rendered":"<p>THE CURE \u2013 Bruna Zarini e Giuseppe Cavazzoni Ano de edi\u00e7\u00e3o: Editor: Nuovi Equilibri SRL, Viterbo Idioma: Ingl\u00eas \/ Italiano Dimens\u00f5es: 20 x 0.8 x 20cm Encaderna\u00e7\u00e3o: Capa mole P\u00e1ginas: 106<\/p>\n","protected":false},"featured_media":2921,"comment_status":"open","ping_status":"closed","template":"","meta":{"om_disable_all_campaigns":false,"_monsterinsights_skip_tracking":false,"_monsterinsights_sitenote_active":false,"_monsterinsights_sitenote_note":"","_monsterinsights_sitenote_category":0,"_uf_show_specific_survey":0,"_uf_disable_surveys":false},"product_cat":[55,27],"product_tag":[],"aioseo_notices":[],"jetpack_sharing_enabled":true,"_links":{"self":[{"href":"https:\/\/casadolivreiro.pt\/index.php\/wp-json\/wp\/v2\/product\/2920"}],"collection":[{"href":"https:\/\/casadolivreiro.pt\/index.php\/wp-json\/wp\/v2\/product"}],"about":[{"href":"https:\/\/casadolivreiro.pt\/index.php\/wp-json\/wp\/v2\/types\/product"}],"replies":[{"embeddable":true,"href":"https:\/\/casadolivreiro.pt\/index.php\/wp-json\/wp\/v2\/comments?post=2920"}],"wp:featuredmedia":[{"embeddable":true,"href":"https:\/\/casadolivreiro.pt\/index.php\/wp-json\/wp\/v2\/media\/2921"}],"wp:attachment":[{"href":"https:\/\/casadolivreiro.pt\/index.php\/wp-json\/wp\/v2\/media?parent=2920"}],"wp:term":[{"taxonomy":"product_cat","embeddable":true,"href":"https:\/\/casadolivreiro.pt\/index.php\/wp-json\/wp\/v2\/product_cat?post=2920"},{"taxonomy":"product_tag","embeddable":true,"href":"https:\/\/casadolivreiro.pt\/index.php\/wp-json\/wp\/v2\/product_tag?post=2920"}],"curies":[{"name":"wp","href":"https:\/\/api.w.org\/{rel}","templated":true}]}}