{"id":2906,"date":"2025-03-03T00:17:26","date_gmt":"2025-03-03T00:17:26","guid":{"rendered":"https:\/\/casadolivreiro.pt\/?post_type=product&#038;p=2906"},"modified":"2025-03-03T00:17:26","modified_gmt":"2025-03-03T00:17:26","slug":"no-calcanhar-do-vento-antonio-ramos-rosa","status":"publish","type":"product","link":"https:\/\/casadolivreiro.pt\/index.php\/product\/no-calcanhar-do-vento-antonio-ramos-rosa\/","title":{"rendered":"NO CALCANHAR DO VENTO \u2013 Ant\u00f3nio Ramos Rosa"},"content":{"rendered":"<p>NO CALCANHAR DO VENTO \u2013 Ant\u00f3nio Ramos Rosa<\/p>\n<p>Ano de edi\u00e7\u00e3o: 1987<\/p>\n<p>Editor: Centelha<\/p>\n<p>Idioma: Portugu\u00eas<\/p>\n<p>Dimens\u00f5es: 14.5 x 0.6 x 20.5<\/p>\n<p>Encaderna\u00e7\u00e3o: Capa mole<\/p>\n<p>P\u00e1ginas: 79<\/p>\n","protected":false},"excerpt":{"rendered":"<p>NO CALCANHAR DO VENTO \u2013 Ant\u00f3nio Ramos Rosa Ano de edi\u00e7\u00e3o: 1987 Editor: Centelha Idioma: Portugu\u00eas Dimens\u00f5es: 14.5 x 0.6 x 20.5 Encaderna\u00e7\u00e3o: Capa mole P\u00e1ginas: 79<\/p>\n","protected":false},"featured_media":2907,"comment_status":"open","ping_status":"closed","template":"","meta":{"om_disable_all_campaigns":false,"_monsterinsights_skip_tracking":false,"_monsterinsights_sitenote_active":false,"_monsterinsights_sitenote_note":"","_monsterinsights_sitenote_category":0,"_uf_show_specific_survey":0,"_uf_disable_surveys":false},"product_cat":[25,27],"product_tag":[],"aioseo_notices":[],"jetpack_sharing_enabled":true,"_links":{"self":[{"href":"https:\/\/casadolivreiro.pt\/index.php\/wp-json\/wp\/v2\/product\/2906"}],"collection":[{"href":"https:\/\/casadolivreiro.pt\/index.php\/wp-json\/wp\/v2\/product"}],"about":[{"href":"https:\/\/casadolivreiro.pt\/index.php\/wp-json\/wp\/v2\/types\/product"}],"replies":[{"embeddable":true,"href":"https:\/\/casadolivreiro.pt\/index.php\/wp-json\/wp\/v2\/comments?post=2906"}],"wp:featuredmedia":[{"embeddable":true,"href":"https:\/\/casadolivreiro.pt\/index.php\/wp-json\/wp\/v2\/media\/2907"}],"wp:attachment":[{"href":"https:\/\/casadolivreiro.pt\/index.php\/wp-json\/wp\/v2\/media?parent=2906"}],"wp:term":[{"taxonomy":"product_cat","embeddable":true,"href":"https:\/\/casadolivreiro.pt\/index.php\/wp-json\/wp\/v2\/product_cat?post=2906"},{"taxonomy":"product_tag","embeddable":true,"href":"https:\/\/casadolivreiro.pt\/index.php\/wp-json\/wp\/v2\/product_tag?post=2906"}],"curies":[{"name":"wp","href":"https:\/\/api.w.org\/{rel}","templated":true}]}}