{"id":2902,"date":"2025-03-03T00:02:55","date_gmt":"2025-03-03T00:02:55","guid":{"rendered":"https:\/\/casadolivreiro.pt\/?post_type=product&#038;p=2902"},"modified":"2025-03-03T00:02:55","modified_gmt":"2025-03-03T00:02:55","slug":"caixa-inglesa-olga-goncalves","status":"publish","type":"product","link":"https:\/\/casadolivreiro.pt\/index.php\/product\/caixa-inglesa-olga-goncalves\/","title":{"rendered":"CAIXA INGLESA \u2013 Olga Gon\u00e7alves"},"content":{"rendered":"<p>CAIXA INGLESA \u2013 Olga Gon\u00e7alves<\/p>\n<p>Ano de edi\u00e7\u00e3o:<\/p>\n<p>Editor: Edi\u00e7\u00f5es Rolim, Lisboa<\/p>\n<p>Idioma: Portugu\u00eas<\/p>\n<p>Dimens\u00f5es: 14 x 0.6 x 20<\/p>\n<p>Encaderna\u00e7\u00e3o: Capa mole<\/p>\n<p>P\u00e1ginas: 52<\/p>\n","protected":false},"excerpt":{"rendered":"<p>CAIXA INGLESA \u2013 Olga Gon\u00e7alves Ano de edi\u00e7\u00e3o: Editor: Edi\u00e7\u00f5es Rolim, Lisboa Idioma: Portugu\u00eas Dimens\u00f5es: 14 x 0.6 x 20 Encaderna\u00e7\u00e3o: Capa mole P\u00e1ginas: 52<\/p>\n","protected":false},"featured_media":2903,"comment_status":"open","ping_status":"closed","template":"","meta":{"om_disable_all_campaigns":false,"_monsterinsights_skip_tracking":false,"_monsterinsights_sitenote_active":false,"_monsterinsights_sitenote_note":"","_monsterinsights_sitenote_category":0,"_uf_show_specific_survey":0,"_uf_disable_surveys":false},"product_cat":[25,27],"product_tag":[],"aioseo_notices":[],"jetpack_sharing_enabled":true,"_links":{"self":[{"href":"https:\/\/casadolivreiro.pt\/index.php\/wp-json\/wp\/v2\/product\/2902"}],"collection":[{"href":"https:\/\/casadolivreiro.pt\/index.php\/wp-json\/wp\/v2\/product"}],"about":[{"href":"https:\/\/casadolivreiro.pt\/index.php\/wp-json\/wp\/v2\/types\/product"}],"replies":[{"embeddable":true,"href":"https:\/\/casadolivreiro.pt\/index.php\/wp-json\/wp\/v2\/comments?post=2902"}],"wp:featuredmedia":[{"embeddable":true,"href":"https:\/\/casadolivreiro.pt\/index.php\/wp-json\/wp\/v2\/media\/2903"}],"wp:attachment":[{"href":"https:\/\/casadolivreiro.pt\/index.php\/wp-json\/wp\/v2\/media?parent=2902"}],"wp:term":[{"taxonomy":"product_cat","embeddable":true,"href":"https:\/\/casadolivreiro.pt\/index.php\/wp-json\/wp\/v2\/product_cat?post=2902"},{"taxonomy":"product_tag","embeddable":true,"href":"https:\/\/casadolivreiro.pt\/index.php\/wp-json\/wp\/v2\/product_tag?post=2902"}],"curies":[{"name":"wp","href":"https:\/\/api.w.org\/{rel}","templated":true}]}}