{"id":2889,"date":"2025-03-02T21:25:56","date_gmt":"2025-03-02T21:25:56","guid":{"rendered":"https:\/\/casadolivreiro.pt\/?post_type=product&#038;p=2889"},"modified":"2025-03-02T21:25:56","modified_gmt":"2025-03-02T21:25:56","slug":"quero-mas-nao-quero-luis-lacerda","status":"publish","type":"product","link":"https:\/\/casadolivreiro.pt\/index.php\/product\/quero-mas-nao-quero-luis-lacerda\/","title":{"rendered":"QUERO MAS N\u00c3O QUERO \u2013 Lu\u00eds Lacerda"},"content":{"rendered":"<p>QUERO MAS N\u00c3O QUERO \u2013 Lu\u00eds Lacerda<\/p>\n<p>Ano de edi\u00e7\u00e3o: 2002<\/p>\n<p>Editor: Dei\u00e7\u00e3o do Autor<\/p>\n<p>Idioma: Portugu\u00eas<\/p>\n<p>Dimens\u00f5es: 14.9 x 0.8 x 21cm<\/p>\n<p>Encaderna\u00e7\u00e3o: Capa mole<\/p>\n<p>P\u00e1ginas: 99<\/p>\n","protected":false},"excerpt":{"rendered":"<p>QUERO MAS N\u00c3O QUERO \u2013 Lu\u00eds Lacerda Ano de edi\u00e7\u00e3o: 2002 Editor: Dei\u00e7\u00e3o do Autor Idioma: Portugu\u00eas Dimens\u00f5es: 14.9 x 0.8 x 21cm Encaderna\u00e7\u00e3o: Capa mole P\u00e1ginas: 99<\/p>\n","protected":false},"featured_media":2890,"comment_status":"open","ping_status":"closed","template":"","meta":{"om_disable_all_campaigns":false,"_monsterinsights_skip_tracking":false,"_monsterinsights_sitenote_active":false,"_monsterinsights_sitenote_note":"","_monsterinsights_sitenote_category":0,"_uf_show_specific_survey":0,"_uf_disable_surveys":false},"product_cat":[25,27],"product_tag":[],"aioseo_notices":[],"jetpack_sharing_enabled":true,"_links":{"self":[{"href":"https:\/\/casadolivreiro.pt\/index.php\/wp-json\/wp\/v2\/product\/2889"}],"collection":[{"href":"https:\/\/casadolivreiro.pt\/index.php\/wp-json\/wp\/v2\/product"}],"about":[{"href":"https:\/\/casadolivreiro.pt\/index.php\/wp-json\/wp\/v2\/types\/product"}],"replies":[{"embeddable":true,"href":"https:\/\/casadolivreiro.pt\/index.php\/wp-json\/wp\/v2\/comments?post=2889"}],"wp:featuredmedia":[{"embeddable":true,"href":"https:\/\/casadolivreiro.pt\/index.php\/wp-json\/wp\/v2\/media\/2890"}],"wp:attachment":[{"href":"https:\/\/casadolivreiro.pt\/index.php\/wp-json\/wp\/v2\/media?parent=2889"}],"wp:term":[{"taxonomy":"product_cat","embeddable":true,"href":"https:\/\/casadolivreiro.pt\/index.php\/wp-json\/wp\/v2\/product_cat?post=2889"},{"taxonomy":"product_tag","embeddable":true,"href":"https:\/\/casadolivreiro.pt\/index.php\/wp-json\/wp\/v2\/product_tag?post=2889"}],"curies":[{"name":"wp","href":"https:\/\/api.w.org\/{rel}","templated":true}]}}