{"id":2887,"date":"2025-03-02T21:16:16","date_gmt":"2025-03-02T21:16:16","guid":{"rendered":"https:\/\/casadolivreiro.pt\/?post_type=product&#038;p=2887"},"modified":"2025-03-02T21:16:16","modified_gmt":"2025-03-02T21:16:16","slug":"fui-o-sonho-de-uma-vida-joaquim-da-costa","status":"publish","type":"product","link":"https:\/\/casadolivreiro.pt\/index.php\/product\/fui-o-sonho-de-uma-vida-joaquim-da-costa\/","title":{"rendered":"FUI\u2026 O SONHO DE UMA VIDA \u2013 Joaquim da Costa"},"content":{"rendered":"<p>FUI\u2026 O SONHO DE UMA VIDA \u2013 Joaquim da Costa<\/p>\n<p>Ano de edi\u00e7\u00e3o: 2001<\/p>\n<p>Editor:<\/p>\n<p>Idioma: Portugu\u00eas<\/p>\n<p>Dimens\u00f5es: 14.7 x 2 x 21cm<\/p>\n<p>Encaderna\u00e7\u00e3o: Capa mole<\/p>\n<p>P\u00e1ginas: 277<\/p>\n","protected":false},"excerpt":{"rendered":"<p>FUI\u2026 O SONHO DE UMA VIDA \u2013 Joaquim da Costa Ano de edi\u00e7\u00e3o: 2001 Editor: Idioma: Portugu\u00eas Dimens\u00f5es: 14.7 x 2 x 21cm Encaderna\u00e7\u00e3o: Capa mole P\u00e1ginas: 277<\/p>\n","protected":false},"featured_media":2888,"comment_status":"open","ping_status":"closed","template":"","meta":{"om_disable_all_campaigns":false,"_monsterinsights_skip_tracking":false,"_monsterinsights_sitenote_active":false,"_monsterinsights_sitenote_note":"","_monsterinsights_sitenote_category":0,"_uf_show_specific_survey":0,"_uf_disable_surveys":false},"product_cat":[25,27],"product_tag":[],"aioseo_notices":[],"jetpack_sharing_enabled":true,"_links":{"self":[{"href":"https:\/\/casadolivreiro.pt\/index.php\/wp-json\/wp\/v2\/product\/2887"}],"collection":[{"href":"https:\/\/casadolivreiro.pt\/index.php\/wp-json\/wp\/v2\/product"}],"about":[{"href":"https:\/\/casadolivreiro.pt\/index.php\/wp-json\/wp\/v2\/types\/product"}],"replies":[{"embeddable":true,"href":"https:\/\/casadolivreiro.pt\/index.php\/wp-json\/wp\/v2\/comments?post=2887"}],"wp:featuredmedia":[{"embeddable":true,"href":"https:\/\/casadolivreiro.pt\/index.php\/wp-json\/wp\/v2\/media\/2888"}],"wp:attachment":[{"href":"https:\/\/casadolivreiro.pt\/index.php\/wp-json\/wp\/v2\/media?parent=2887"}],"wp:term":[{"taxonomy":"product_cat","embeddable":true,"href":"https:\/\/casadolivreiro.pt\/index.php\/wp-json\/wp\/v2\/product_cat?post=2887"},{"taxonomy":"product_tag","embeddable":true,"href":"https:\/\/casadolivreiro.pt\/index.php\/wp-json\/wp\/v2\/product_tag?post=2887"}],"curies":[{"name":"wp","href":"https:\/\/api.w.org\/{rel}","templated":true}]}}