{"id":2885,"date":"2025-03-02T21:08:31","date_gmt":"2025-03-02T21:08:31","guid":{"rendered":"https:\/\/casadolivreiro.pt\/?post_type=product&#038;p=2885"},"modified":"2025-03-02T21:08:31","modified_gmt":"2025-03-02T21:08:31","slug":"despertar-isabel-cruz-alemao","status":"publish","type":"product","link":"https:\/\/casadolivreiro.pt\/index.php\/product\/despertar-isabel-cruz-alemao\/","title":{"rendered":"DESPERTAR \u2013 Isabel Cruz Alem\u00e3o"},"content":{"rendered":"<p>DESPERTAR \u2013 Isabel Cruz Alem\u00e3o<\/p>\n<p>Ano de edi\u00e7\u00e3o: 1988<\/p>\n<p>Editor: Despertar \u00e0 Portuguesa<\/p>\n<p>Idioma: Portugu\u00eas<\/p>\n<p>Dimens\u00f5es: 14.3 x 0.6 x 20.4cm<\/p>\n<p>Encaderna\u00e7\u00e3o: Capa mole<\/p>\n<p>P\u00e1ginas: 103<\/p>\n","protected":false},"excerpt":{"rendered":"<p>DESPERTAR \u2013 Isabel Cruz Alem\u00e3o Ano de edi\u00e7\u00e3o: 1988 Editor: Despertar \u00e0 Portuguesa Idioma: Portugu\u00eas Dimens\u00f5es: 14.3 x 0.6 x 20.4cm Encaderna\u00e7\u00e3o: Capa mole P\u00e1ginas: 103<\/p>\n","protected":false},"featured_media":2886,"comment_status":"open","ping_status":"closed","template":"","meta":{"om_disable_all_campaigns":false,"_monsterinsights_skip_tracking":false,"_monsterinsights_sitenote_active":false,"_monsterinsights_sitenote_note":"","_monsterinsights_sitenote_category":0,"_uf_show_specific_survey":0,"_uf_disable_surveys":false},"product_cat":[25,27],"product_tag":[],"aioseo_notices":[],"jetpack_sharing_enabled":true,"_links":{"self":[{"href":"https:\/\/casadolivreiro.pt\/index.php\/wp-json\/wp\/v2\/product\/2885"}],"collection":[{"href":"https:\/\/casadolivreiro.pt\/index.php\/wp-json\/wp\/v2\/product"}],"about":[{"href":"https:\/\/casadolivreiro.pt\/index.php\/wp-json\/wp\/v2\/types\/product"}],"replies":[{"embeddable":true,"href":"https:\/\/casadolivreiro.pt\/index.php\/wp-json\/wp\/v2\/comments?post=2885"}],"wp:featuredmedia":[{"embeddable":true,"href":"https:\/\/casadolivreiro.pt\/index.php\/wp-json\/wp\/v2\/media\/2886"}],"wp:attachment":[{"href":"https:\/\/casadolivreiro.pt\/index.php\/wp-json\/wp\/v2\/media?parent=2885"}],"wp:term":[{"taxonomy":"product_cat","embeddable":true,"href":"https:\/\/casadolivreiro.pt\/index.php\/wp-json\/wp\/v2\/product_cat?post=2885"},{"taxonomy":"product_tag","embeddable":true,"href":"https:\/\/casadolivreiro.pt\/index.php\/wp-json\/wp\/v2\/product_tag?post=2885"}],"curies":[{"name":"wp","href":"https:\/\/api.w.org\/{rel}","templated":true}]}}