{"id":2883,"date":"2025-03-02T20:58:32","date_gmt":"2025-03-02T20:58:32","guid":{"rendered":"https:\/\/casadolivreiro.pt\/?post_type=product&#038;p=2883"},"modified":"2025-03-02T20:58:33","modified_gmt":"2025-03-02T20:58:33","slug":"noutros-rostos-filipe-marinheiro","status":"publish","type":"product","link":"https:\/\/casadolivreiro.pt\/index.php\/product\/noutros-rostos-filipe-marinheiro\/","title":{"rendered":"NOUTROS ROSTOS \u2013 Filipe Marinheiro"},"content":{"rendered":"<p>NOUTROS ROSTOS \u2013 Filipe Marinheiro<\/p>\n<p>Colec\u00e7\u00e3o Prazeres po\u00e9ticos<\/p>\n<p>Ano de edi\u00e7\u00e3o: 2014<\/p>\n<p>Editor: Chiado<\/p>\n<p>Idioma: Portugu\u00eas<\/p>\n<p>Dimens\u00f5es: 14 x 2.6 x 22cm<\/p>\n<p>Encaderna\u00e7\u00e3o: Capa mole<\/p>\n<p>P\u00e1ginas: 400<\/p>\n","protected":false},"excerpt":{"rendered":"<p>NOUTROS ROSTOS \u2013 Filipe Marinheiro Colec\u00e7\u00e3o Prazeres po\u00e9ticos Ano de edi\u00e7\u00e3o: 2014 Editor: Chiado Idioma: Portugu\u00eas Dimens\u00f5es: 14 x 2.6 x 22cm Encaderna\u00e7\u00e3o: Capa mole P\u00e1ginas: 400<\/p>\n","protected":false},"featured_media":2884,"comment_status":"open","ping_status":"closed","template":"","meta":{"om_disable_all_campaigns":false,"_monsterinsights_skip_tracking":false,"_monsterinsights_sitenote_active":false,"_monsterinsights_sitenote_note":"","_monsterinsights_sitenote_category":0,"_uf_show_specific_survey":0,"_uf_disable_surveys":false},"product_cat":[25,27],"product_tag":[],"aioseo_notices":[],"jetpack_sharing_enabled":true,"_links":{"self":[{"href":"https:\/\/casadolivreiro.pt\/index.php\/wp-json\/wp\/v2\/product\/2883"}],"collection":[{"href":"https:\/\/casadolivreiro.pt\/index.php\/wp-json\/wp\/v2\/product"}],"about":[{"href":"https:\/\/casadolivreiro.pt\/index.php\/wp-json\/wp\/v2\/types\/product"}],"replies":[{"embeddable":true,"href":"https:\/\/casadolivreiro.pt\/index.php\/wp-json\/wp\/v2\/comments?post=2883"}],"wp:featuredmedia":[{"embeddable":true,"href":"https:\/\/casadolivreiro.pt\/index.php\/wp-json\/wp\/v2\/media\/2884"}],"wp:attachment":[{"href":"https:\/\/casadolivreiro.pt\/index.php\/wp-json\/wp\/v2\/media?parent=2883"}],"wp:term":[{"taxonomy":"product_cat","embeddable":true,"href":"https:\/\/casadolivreiro.pt\/index.php\/wp-json\/wp\/v2\/product_cat?post=2883"},{"taxonomy":"product_tag","embeddable":true,"href":"https:\/\/casadolivreiro.pt\/index.php\/wp-json\/wp\/v2\/product_tag?post=2883"}],"curies":[{"name":"wp","href":"https:\/\/api.w.org\/{rel}","templated":true}]}}