{"id":287,"date":"2024-03-07T17:39:30","date_gmt":"2024-03-07T17:39:30","guid":{"rendered":"https:\/\/casadolivreiro.pt\/?post_type=product&#038;p=287"},"modified":"2024-03-16T23:37:50","modified_gmt":"2024-03-16T23:37:50","slug":"condessa-dedla-a-cantora-de-opera-quasi-rainha-de-portugal-e-de-espanha-1836-1929-teresa-rebelo","status":"publish","type":"product","link":"https:\/\/casadolivreiro.pt\/index.php\/product\/condessa-dedla-a-cantora-de-opera-quasi-rainha-de-portugal-e-de-espanha-1836-1929-teresa-rebelo\/","title":{"rendered":"CONDESSA D\u2019EDLA A Cantora de \u00f3pera quasi rainha de Portugal e de Espanha (1836-1929) &#8211; Teresa Rebelo"},"content":{"rendered":"<p>CONDESSA D\u2019EDLA A Cantora de \u00f3pera quasi rainha de Portugal e de Espanha (1836-1929)<br \/>\nTeresa Rebelo<br \/>\nISBN: 9789896223519<br \/>\nAno de edi\u00e7\u00e3o: 2011<br \/>\nEditor: Al\u00eatheia Editores<br \/>\nIdioma: Portugu\u00eas<br \/>\nDimens\u00f5es: 14.8 x 1.9 x 23.1cm<br \/>\nEncaderna\u00e7\u00e3o: Capa mole<br \/>\nP\u00e1ginas: 380<\/p>\n<p>Saberia Elise Hensler quando se apresentou a 15 de Abril de 1860 no Real Teatro de S\u00e3o Carlos, interpretando a personagem de pajem da \u00f3pera O Baile de M\u00e1scaras, de Verdi, que o seu futuro ficaria unido ao de D. Fernando II, rei de Portugal?<\/p>\n<p>Amada pelo monarca, ostracizada pela sociedade portuguesa, insultada pelos cronistas e esquecida pela hist\u00f3ria de Portugal, Elise Friederike Hensler recebeu o t\u00edtulo de Condessa d\u2019Edla no dia do seu casamento com D. Fernando II, a 10 de Junho de 1869.<\/p>\n<p>Enigm\u00e1tica e plena de personalidade, a Condessa d\u2019Edla acabaria por levar uma exist\u00eancia triste, sofrendo na solid\u00e3o o facto de, por um lado, nunca ter alcan\u00e7ado o protagonismo que ambicionava nos palcos do Bel Canto e, por outro, nunca ter sido verdadeiramente reconhecida como mulher do rei de Portugal.<\/p>\n<p>Uma vida plena de emo\u00e7\u00e3o que poderia ter inspirado o libretto de uma c\u00e9lebre \u00f3pera.<\/p>\n","protected":false},"excerpt":{"rendered":"<p>CONDESSA D\u2019EDLA A Cantora de \u00f3pera quasi rainha de Portugal e de Espanha (1836-1929) Teresa Rebelo ISBN: 9789896223519 Ano de edi\u00e7\u00e3o: 2011 Editor: Al\u00eatheia Editores Idioma: Portugu\u00eas Dimens\u00f5es: 14.8 x 1.9 x 23.1cm Encaderna\u00e7\u00e3o: Capa mole P\u00e1ginas: 380 Saberia Elise Hensler quando se apresentou a 15 de Abril de 1860 no Real Teatro de S\u00e3o [&hellip;]<\/p>\n","protected":false},"featured_media":288,"comment_status":"open","ping_status":"closed","template":"","meta":{"om_disable_all_campaigns":false,"_monsterinsights_skip_tracking":false,"_monsterinsights_sitenote_active":false,"_monsterinsights_sitenote_note":"","_monsterinsights_sitenote_category":0,"_uf_show_specific_survey":0,"_uf_disable_surveys":false},"product_cat":[28,31,30,62],"product_tag":[],"aioseo_notices":[],"jetpack_sharing_enabled":true,"_links":{"self":[{"href":"https:\/\/casadolivreiro.pt\/index.php\/wp-json\/wp\/v2\/product\/287"}],"collection":[{"href":"https:\/\/casadolivreiro.pt\/index.php\/wp-json\/wp\/v2\/product"}],"about":[{"href":"https:\/\/casadolivreiro.pt\/index.php\/wp-json\/wp\/v2\/types\/product"}],"replies":[{"embeddable":true,"href":"https:\/\/casadolivreiro.pt\/index.php\/wp-json\/wp\/v2\/comments?post=287"}],"wp:featuredmedia":[{"embeddable":true,"href":"https:\/\/casadolivreiro.pt\/index.php\/wp-json\/wp\/v2\/media\/288"}],"wp:attachment":[{"href":"https:\/\/casadolivreiro.pt\/index.php\/wp-json\/wp\/v2\/media?parent=287"}],"wp:term":[{"taxonomy":"product_cat","embeddable":true,"href":"https:\/\/casadolivreiro.pt\/index.php\/wp-json\/wp\/v2\/product_cat?post=287"},{"taxonomy":"product_tag","embeddable":true,"href":"https:\/\/casadolivreiro.pt\/index.php\/wp-json\/wp\/v2\/product_tag?post=287"}],"curies":[{"name":"wp","href":"https:\/\/api.w.org\/{rel}","templated":true}]}}