{"id":2851,"date":"2025-03-01T00:25:37","date_gmt":"2025-03-01T00:25:37","guid":{"rendered":"https:\/\/casadolivreiro.pt\/?post_type=product&#038;p=2851"},"modified":"2025-03-01T00:25:37","modified_gmt":"2025-03-01T00:25:37","slug":"el-traidor-lavr-divomlikoff","status":"publish","type":"product","link":"https:\/\/casadolivreiro.pt\/index.php\/product\/el-traidor-lavr-divomlikoff\/","title":{"rendered":"EL TRAIDOR \u2013 Lavr Divomlikoff"},"content":{"rendered":"<p>EL TRAIDOR \u2013 Lavr Divomlikoff<\/p>\n<p>Tradu\u00e7\u00e3o de J.M.C. Cubierta<\/p>\n<p>Ano de edi\u00e7\u00e3o: 1976<\/p>\n<p>Editor: Circulo de Lectores S.A., Mexico<\/p>\n<p>Idioma: Espanhol<\/p>\n<p>Dimens\u00f5es: 12 x 1.6 x 20.3cm<\/p>\n<p>Encaderna\u00e7\u00e3o: Capa dura<\/p>\n<p>P\u00e1ginas: 206<\/p>\n","protected":false},"excerpt":{"rendered":"<p>EL TRAIDOR \u2013 Lavr Divomlikoff Tradu\u00e7\u00e3o de J.M.C. Cubierta Ano de edi\u00e7\u00e3o: 1976 Editor: Circulo de Lectores S.A., Mexico Idioma: Espanhol Dimens\u00f5es: 12 x 1.6 x 20.3cm Encaderna\u00e7\u00e3o: Capa dura P\u00e1ginas: 206<\/p>\n","protected":false},"featured_media":2852,"comment_status":"open","ping_status":"closed","template":"","meta":{"om_disable_all_campaigns":false,"_monsterinsights_skip_tracking":false,"_monsterinsights_sitenote_active":false,"_monsterinsights_sitenote_note":"","_monsterinsights_sitenote_category":0,"_uf_show_specific_survey":0,"_uf_disable_surveys":false},"product_cat":[57],"product_tag":[],"aioseo_notices":[],"jetpack_sharing_enabled":true,"_links":{"self":[{"href":"https:\/\/casadolivreiro.pt\/index.php\/wp-json\/wp\/v2\/product\/2851"}],"collection":[{"href":"https:\/\/casadolivreiro.pt\/index.php\/wp-json\/wp\/v2\/product"}],"about":[{"href":"https:\/\/casadolivreiro.pt\/index.php\/wp-json\/wp\/v2\/types\/product"}],"replies":[{"embeddable":true,"href":"https:\/\/casadolivreiro.pt\/index.php\/wp-json\/wp\/v2\/comments?post=2851"}],"wp:featuredmedia":[{"embeddable":true,"href":"https:\/\/casadolivreiro.pt\/index.php\/wp-json\/wp\/v2\/media\/2852"}],"wp:attachment":[{"href":"https:\/\/casadolivreiro.pt\/index.php\/wp-json\/wp\/v2\/media?parent=2851"}],"wp:term":[{"taxonomy":"product_cat","embeddable":true,"href":"https:\/\/casadolivreiro.pt\/index.php\/wp-json\/wp\/v2\/product_cat?post=2851"},{"taxonomy":"product_tag","embeddable":true,"href":"https:\/\/casadolivreiro.pt\/index.php\/wp-json\/wp\/v2\/product_tag?post=2851"}],"curies":[{"name":"wp","href":"https:\/\/api.w.org\/{rel}","templated":true}]}}