{"id":2845,"date":"2025-03-01T00:05:02","date_gmt":"2025-03-01T00:05:02","guid":{"rendered":"https:\/\/casadolivreiro.pt\/?post_type=product&#038;p=2845"},"modified":"2025-03-01T00:05:03","modified_gmt":"2025-03-01T00:05:03","slug":"queimada-viva-souad","status":"publish","type":"product","link":"https:\/\/casadolivreiro.pt\/index.php\/product\/queimada-viva-souad\/","title":{"rendered":"QUEIMADA VIVA \u2013 Souad"},"content":{"rendered":"<p>QUEIMADA VIVA \u2013 Souad<\/p>\n<p>Tradu\u00e7\u00e3o de Teresa Curvelo<\/p>\n<p>Ano de edi\u00e7\u00e3o: 2005<\/p>\n<p>Editor: Circulo de Leitores<\/p>\n<p>Idioma: Portugu\u00eas<\/p>\n<p>Dimens\u00f5es: 12 x 1.5 x 20.3cm<\/p>\n<p>Encaderna\u00e7\u00e3o: Capa dura<\/p>\n<p>P\u00e1ginas: 227<\/p>\n","protected":false},"excerpt":{"rendered":"<p>QUEIMADA VIVA \u2013 Souad Tradu\u00e7\u00e3o de Teresa Curvelo Ano de edi\u00e7\u00e3o: 2005 Editor: Circulo de Leitores Idioma: Portugu\u00eas Dimens\u00f5es: 12 x 1.5 x 20.3cm Encaderna\u00e7\u00e3o: Capa dura P\u00e1ginas: 227<\/p>\n","protected":false},"featured_media":2846,"comment_status":"open","ping_status":"closed","template":"","meta":{"om_disable_all_campaigns":false,"_monsterinsights_skip_tracking":false,"_monsterinsights_sitenote_active":false,"_monsterinsights_sitenote_note":"","_monsterinsights_sitenote_category":0,"_uf_show_specific_survey":0,"_uf_disable_surveys":false},"product_cat":[26],"product_tag":[],"aioseo_notices":[],"jetpack_sharing_enabled":true,"_links":{"self":[{"href":"https:\/\/casadolivreiro.pt\/index.php\/wp-json\/wp\/v2\/product\/2845"}],"collection":[{"href":"https:\/\/casadolivreiro.pt\/index.php\/wp-json\/wp\/v2\/product"}],"about":[{"href":"https:\/\/casadolivreiro.pt\/index.php\/wp-json\/wp\/v2\/types\/product"}],"replies":[{"embeddable":true,"href":"https:\/\/casadolivreiro.pt\/index.php\/wp-json\/wp\/v2\/comments?post=2845"}],"wp:featuredmedia":[{"embeddable":true,"href":"https:\/\/casadolivreiro.pt\/index.php\/wp-json\/wp\/v2\/media\/2846"}],"wp:attachment":[{"href":"https:\/\/casadolivreiro.pt\/index.php\/wp-json\/wp\/v2\/media?parent=2845"}],"wp:term":[{"taxonomy":"product_cat","embeddable":true,"href":"https:\/\/casadolivreiro.pt\/index.php\/wp-json\/wp\/v2\/product_cat?post=2845"},{"taxonomy":"product_tag","embeddable":true,"href":"https:\/\/casadolivreiro.pt\/index.php\/wp-json\/wp\/v2\/product_tag?post=2845"}],"curies":[{"name":"wp","href":"https:\/\/api.w.org\/{rel}","templated":true}]}}