{"id":2843,"date":"2025-03-01T00:00:34","date_gmt":"2025-03-01T00:00:34","guid":{"rendered":"https:\/\/casadolivreiro.pt\/?post_type=product&#038;p=2843"},"modified":"2025-03-01T00:00:34","modified_gmt":"2025-03-01T00:00:34","slug":"enfim-tenho-40-anos-susanna-kubelka","status":"publish","type":"product","link":"https:\/\/casadolivreiro.pt\/index.php\/product\/enfim-tenho-40-anos-susanna-kubelka\/","title":{"rendered":"ENFIM, TENHO 40 ANOS! \u2013 Susanna Kubelka"},"content":{"rendered":"<p>ENFIM, TENHO 40 ANOS! \u2013 Susanna Kubelka<\/p>\n<p>Tradu\u00e7\u00e3o de Maria Adelaide Namorado Freira<\/p>\n<p>Ano de edi\u00e7\u00e3o: 1983<\/p>\n<p>Editor: Circulo de Leitores<\/p>\n<p>Idioma: Portugu\u00eas<\/p>\n<p>Dimens\u00f5es: 12 x 1.5 x 20.3cm<\/p>\n<p>Encaderna\u00e7\u00e3o: Capa dura<\/p>\n<p>P\u00e1ginas: 227<\/p>\n","protected":false},"excerpt":{"rendered":"<p>ENFIM, TENHO 40 ANOS! \u2013 Susanna Kubelka Tradu\u00e7\u00e3o de Maria Adelaide Namorado Freira Ano de edi\u00e7\u00e3o: 1983 Editor: Circulo de Leitores Idioma: Portugu\u00eas Dimens\u00f5es: 12 x 1.5 x 20.3cm Encaderna\u00e7\u00e3o: Capa dura P\u00e1ginas: 227<\/p>\n","protected":false},"featured_media":2844,"comment_status":"open","ping_status":"closed","template":"","meta":{"om_disable_all_campaigns":false,"_monsterinsights_skip_tracking":false,"_monsterinsights_sitenote_active":false,"_monsterinsights_sitenote_note":"","_monsterinsights_sitenote_category":0,"_uf_show_specific_survey":0,"_uf_disable_surveys":false},"product_cat":[26],"product_tag":[],"aioseo_notices":[],"jetpack_sharing_enabled":true,"_links":{"self":[{"href":"https:\/\/casadolivreiro.pt\/index.php\/wp-json\/wp\/v2\/product\/2843"}],"collection":[{"href":"https:\/\/casadolivreiro.pt\/index.php\/wp-json\/wp\/v2\/product"}],"about":[{"href":"https:\/\/casadolivreiro.pt\/index.php\/wp-json\/wp\/v2\/types\/product"}],"replies":[{"embeddable":true,"href":"https:\/\/casadolivreiro.pt\/index.php\/wp-json\/wp\/v2\/comments?post=2843"}],"wp:featuredmedia":[{"embeddable":true,"href":"https:\/\/casadolivreiro.pt\/index.php\/wp-json\/wp\/v2\/media\/2844"}],"wp:attachment":[{"href":"https:\/\/casadolivreiro.pt\/index.php\/wp-json\/wp\/v2\/media?parent=2843"}],"wp:term":[{"taxonomy":"product_cat","embeddable":true,"href":"https:\/\/casadolivreiro.pt\/index.php\/wp-json\/wp\/v2\/product_cat?post=2843"},{"taxonomy":"product_tag","embeddable":true,"href":"https:\/\/casadolivreiro.pt\/index.php\/wp-json\/wp\/v2\/product_tag?post=2843"}],"curies":[{"name":"wp","href":"https:\/\/api.w.org\/{rel}","templated":true}]}}