{"id":284,"date":"2024-03-07T17:32:11","date_gmt":"2024-03-07T17:32:11","guid":{"rendered":"https:\/\/casadolivreiro.pt\/?post_type=product&#038;p=284"},"modified":"2024-03-07T17:36:02","modified_gmt":"2024-03-07T17:36:02","slug":"as-cronicas-da-margarida-margarida-rebelo-pinto","status":"publish","type":"product","link":"https:\/\/casadolivreiro.pt\/index.php\/product\/as-cronicas-da-margarida-margarida-rebelo-pinto\/","title":{"rendered":"AS CR\u00d3NICAS DA MARGARIDA &#8211; Margarida Rebelo Pinto"},"content":{"rendered":"<p>AS CR\u00d3NICAS DA MARGARIDA<br \/>\nMargarida Rebelo Pinto<br \/>\nISBN:\u00a0\u00a0\u00a0 972-8579-16-0<br \/>\nEditor:\u00a0 Oficina do Livro<br \/>\nData de Lan\u00e7amento:\u00a0 mar\u00e7o de 2002<br \/>\nIdioma: Portugu\u00eas<br \/>\nDimens\u00f5es: 15 x 1.2 x \u00a022.9 cm<br \/>\nEncaderna\u00e7\u00e3o:\u00a0 Capa mole<br \/>\nP\u00e1ginas:\u00a0 240<\/p>\n<p>Do humor desconcertante e certeiro \u00e0s confiss\u00f5es intimistas, cuja sinceridade comove e nos faz viajar pelas palavras, este livro re\u00fane uma selec\u00e7\u00e3o de cr\u00f3nicas escolhidas pela autora dos best-sellers \u00abSei L\u00e1\u00bb e \u00abN\u00e3o H\u00e1 Coincid\u00eancias\u00bb. Um relato tocante de uma forma \u00fanica de ver o mundo, para saborear, linha a linha.<\/p>\n","protected":false},"excerpt":{"rendered":"<p>AS CR\u00d3NICAS DA MARGARIDA Margarida Rebelo Pinto ISBN:\u00a0\u00a0\u00a0 972-8579-16-0 Editor:\u00a0 Oficina do Livro Data de Lan\u00e7amento:\u00a0 mar\u00e7o de 2002 Idioma: Portugu\u00eas Dimens\u00f5es: 15 x 1.2 x \u00a022.9 cm Encaderna\u00e7\u00e3o:\u00a0 Capa mole P\u00e1ginas:\u00a0 240 Do humor desconcertante e certeiro \u00e0s confiss\u00f5es intimistas, cuja sinceridade comove e nos faz viajar pelas palavras, este livro re\u00fane uma selec\u00e7\u00e3o [&hellip;]<\/p>\n","protected":false},"featured_media":286,"comment_status":"open","ping_status":"closed","template":"","meta":{"om_disable_all_campaigns":false,"_monsterinsights_skip_tracking":false,"_monsterinsights_sitenote_active":false,"_monsterinsights_sitenote_note":"","_monsterinsights_sitenote_category":0,"_uf_show_specific_survey":0,"_uf_disable_surveys":false},"product_cat":[36,62],"product_tag":[],"aioseo_notices":[],"jetpack_sharing_enabled":true,"_links":{"self":[{"href":"https:\/\/casadolivreiro.pt\/index.php\/wp-json\/wp\/v2\/product\/284"}],"collection":[{"href":"https:\/\/casadolivreiro.pt\/index.php\/wp-json\/wp\/v2\/product"}],"about":[{"href":"https:\/\/casadolivreiro.pt\/index.php\/wp-json\/wp\/v2\/types\/product"}],"replies":[{"embeddable":true,"href":"https:\/\/casadolivreiro.pt\/index.php\/wp-json\/wp\/v2\/comments?post=284"}],"wp:featuredmedia":[{"embeddable":true,"href":"https:\/\/casadolivreiro.pt\/index.php\/wp-json\/wp\/v2\/media\/286"}],"wp:attachment":[{"href":"https:\/\/casadolivreiro.pt\/index.php\/wp-json\/wp\/v2\/media?parent=284"}],"wp:term":[{"taxonomy":"product_cat","embeddable":true,"href":"https:\/\/casadolivreiro.pt\/index.php\/wp-json\/wp\/v2\/product_cat?post=284"},{"taxonomy":"product_tag","embeddable":true,"href":"https:\/\/casadolivreiro.pt\/index.php\/wp-json\/wp\/v2\/product_tag?post=284"}],"curies":[{"name":"wp","href":"https:\/\/api.w.org\/{rel}","templated":true}]}}