{"id":2827,"date":"2025-02-28T23:11:33","date_gmt":"2025-02-28T23:11:33","guid":{"rendered":"https:\/\/casadolivreiro.pt\/?post_type=product&#038;p=2827"},"modified":"2025-02-28T23:11:33","modified_gmt":"2025-02-28T23:11:33","slug":"o-memorando-de-aachen-andrew-roberts","status":"publish","type":"product","link":"https:\/\/casadolivreiro.pt\/index.php\/product\/o-memorando-de-aachen-andrew-roberts\/","title":{"rendered":"O MEMORANDO DE AACHEN \u2013 Andrew Roberts"},"content":{"rendered":"<p>O MEMORANDO DE AACHEN \u2013 Andrew Roberts<\/p>\n<p>Tradu\u00e7\u00e3o de Mario D. Correia<\/p>\n<p>Ano de edi\u00e7\u00e3o: 1998, 1\u00aa edi\u00e7\u00e3o<\/p>\n<p>Editor: ASA S.A.<\/p>\n<p>Idioma: Portugu\u00eas<\/p>\n<p>Dimens\u00f5es: 15.4 x 1.9 x 23.5cm<\/p>\n<p>Encaderna\u00e7\u00e3o: Capa mole<\/p>\n<p>P\u00e1ginas: 269<\/p>\n","protected":false},"excerpt":{"rendered":"<p>O MEMORANDO DE AACHEN \u2013 Andrew Roberts Tradu\u00e7\u00e3o de Mario D. Correia Ano de edi\u00e7\u00e3o: 1998, 1\u00aa edi\u00e7\u00e3o Editor: ASA S.A. Idioma: Portugu\u00eas Dimens\u00f5es: 15.4 x 1.9 x 23.5cm Encaderna\u00e7\u00e3o: Capa mole P\u00e1ginas: 269<\/p>\n","protected":false},"featured_media":2828,"comment_status":"open","ping_status":"closed","template":"","meta":{"om_disable_all_campaigns":false,"_monsterinsights_skip_tracking":false,"_monsterinsights_sitenote_active":false,"_monsterinsights_sitenote_note":"","_monsterinsights_sitenote_category":0,"_uf_show_specific_survey":0,"_uf_disable_surveys":false},"product_cat":[26],"product_tag":[],"aioseo_notices":[],"jetpack_sharing_enabled":true,"_links":{"self":[{"href":"https:\/\/casadolivreiro.pt\/index.php\/wp-json\/wp\/v2\/product\/2827"}],"collection":[{"href":"https:\/\/casadolivreiro.pt\/index.php\/wp-json\/wp\/v2\/product"}],"about":[{"href":"https:\/\/casadolivreiro.pt\/index.php\/wp-json\/wp\/v2\/types\/product"}],"replies":[{"embeddable":true,"href":"https:\/\/casadolivreiro.pt\/index.php\/wp-json\/wp\/v2\/comments?post=2827"}],"wp:featuredmedia":[{"embeddable":true,"href":"https:\/\/casadolivreiro.pt\/index.php\/wp-json\/wp\/v2\/media\/2828"}],"wp:attachment":[{"href":"https:\/\/casadolivreiro.pt\/index.php\/wp-json\/wp\/v2\/media?parent=2827"}],"wp:term":[{"taxonomy":"product_cat","embeddable":true,"href":"https:\/\/casadolivreiro.pt\/index.php\/wp-json\/wp\/v2\/product_cat?post=2827"},{"taxonomy":"product_tag","embeddable":true,"href":"https:\/\/casadolivreiro.pt\/index.php\/wp-json\/wp\/v2\/product_tag?post=2827"}],"curies":[{"name":"wp","href":"https:\/\/api.w.org\/{rel}","templated":true}]}}