{"id":2825,"date":"2025-02-28T23:05:09","date_gmt":"2025-02-28T23:05:09","guid":{"rendered":"https:\/\/casadolivreiro.pt\/?post_type=product&#038;p=2825"},"modified":"2025-02-28T23:05:10","modified_gmt":"2025-02-28T23:05:10","slug":"entre-homens-german-maggiori","status":"publish","type":"product","link":"https:\/\/casadolivreiro.pt\/index.php\/product\/entre-homens-german-maggiori\/","title":{"rendered":"ENTRE HOMENS \u2013 Germ\u00e1n Maggiori"},"content":{"rendered":"<p>ENTRE HOMENS \u2013 Germ\u00e1n Maggiori<\/p>\n<p>Tradu\u00e7\u00e3o de Francisco Telhado<\/p>\n<p>Ano de edi\u00e7\u00e3o: 2005, 1\u00aa edi\u00e7\u00e3o<\/p>\n<p>Editor: Temas e Debatas<\/p>\n<p>Idioma: Portugu\u00eas<\/p>\n<p>Dimens\u00f5es: 15 x 1.4 x 23.5cm<\/p>\n<p>Encaderna\u00e7\u00e3o: Capa mole<\/p>\n<p>P\u00e1ginas: 253<\/p>\n","protected":false},"excerpt":{"rendered":"<p>ENTRE HOMENS \u2013 Germ\u00e1n Maggiori Tradu\u00e7\u00e3o de Francisco Telhado Ano de edi\u00e7\u00e3o: 2005, 1\u00aa edi\u00e7\u00e3o Editor: Temas e Debatas Idioma: Portugu\u00eas Dimens\u00f5es: 15 x 1.4 x 23.5cm Encaderna\u00e7\u00e3o: Capa mole P\u00e1ginas: 253<\/p>\n","protected":false},"featured_media":2826,"comment_status":"open","ping_status":"closed","template":"","meta":{"om_disable_all_campaigns":false,"_monsterinsights_skip_tracking":false,"_monsterinsights_sitenote_active":false,"_monsterinsights_sitenote_note":"","_monsterinsights_sitenote_category":0,"_uf_show_specific_survey":0,"_uf_disable_surveys":false},"product_cat":[26],"product_tag":[],"aioseo_notices":[],"jetpack_sharing_enabled":true,"_links":{"self":[{"href":"https:\/\/casadolivreiro.pt\/index.php\/wp-json\/wp\/v2\/product\/2825"}],"collection":[{"href":"https:\/\/casadolivreiro.pt\/index.php\/wp-json\/wp\/v2\/product"}],"about":[{"href":"https:\/\/casadolivreiro.pt\/index.php\/wp-json\/wp\/v2\/types\/product"}],"replies":[{"embeddable":true,"href":"https:\/\/casadolivreiro.pt\/index.php\/wp-json\/wp\/v2\/comments?post=2825"}],"wp:featuredmedia":[{"embeddable":true,"href":"https:\/\/casadolivreiro.pt\/index.php\/wp-json\/wp\/v2\/media\/2826"}],"wp:attachment":[{"href":"https:\/\/casadolivreiro.pt\/index.php\/wp-json\/wp\/v2\/media?parent=2825"}],"wp:term":[{"taxonomy":"product_cat","embeddable":true,"href":"https:\/\/casadolivreiro.pt\/index.php\/wp-json\/wp\/v2\/product_cat?post=2825"},{"taxonomy":"product_tag","embeddable":true,"href":"https:\/\/casadolivreiro.pt\/index.php\/wp-json\/wp\/v2\/product_tag?post=2825"}],"curies":[{"name":"wp","href":"https:\/\/api.w.org\/{rel}","templated":true}]}}