{"id":282,"date":"2024-03-07T17:28:43","date_gmt":"2024-03-07T17:28:43","guid":{"rendered":"https:\/\/casadolivreiro.pt\/?post_type=product&#038;p=282"},"modified":"2024-03-07T17:28:43","modified_gmt":"2024-03-07T17:28:43","slug":"nas-tuas-maos-ines-pedrosa","status":"publish","type":"product","link":"https:\/\/casadolivreiro.pt\/index.php\/product\/nas-tuas-maos-ines-pedrosa\/","title":{"rendered":"NAS TUAS M\u00c3OS &#8211; In\u00eas Pedrosa"},"content":{"rendered":"<p>NAS TUAS M\u00c3OS<br \/>\nIn\u00eas Pedrosa<br \/>\nISBN: \u00a0 5605248095303<br \/>\nEditor:\u00a0 Impresa Publishing<br \/>\nData de Lan\u00e7amento:\u00a0 2009<br \/>\nIdioma:\u00a0 Portugu\u00eas<br \/>\nDimens\u00f5es: 15.3 x 1.6 x 23.3 cm<br \/>\nEncaderna\u00e7\u00e3o: Capa mole<br \/>\nP\u00e1ginas:\u00a0 250<\/p>\n<p>Tr\u00eas mulheres \u2014 Jenny, a av\u00f3; Camila, a m\u00e3e; Nat\u00e1lia, a filha \u2014 cruzam destinos e as suas mem\u00f3rias do s\u00e9culo neste romance. Entre o di\u00e1rio da primeira, o \u00e1lbum de fotografias da segunda, e as cartas da terceira revelam-se sucessivos rostos da paix\u00e3o numa sociedade em mudan\u00e7a. Com o seu primeiro romance, A Instru\u00e7\u00e3o dos Amantes, In\u00eas Pedrosa tra\u00e7ou as estrat\u00e9gias da vida adulta sobre um microcosmos de adolescentes suburbanos. Agora, em Nas Tuas M\u00e3os, ela convida-nos a imaginar o Portugal das \u00faltimas d\u00e9cadas medido e analisado pelas vari\u00e1veis emo\u00e7\u00f5es das suas protagonistas.<\/p>\n","protected":false},"excerpt":{"rendered":"<p>NAS TUAS M\u00c3OS In\u00eas Pedrosa ISBN: \u00a0 5605248095303 Editor:\u00a0 Impresa Publishing Data de Lan\u00e7amento:\u00a0 2009 Idioma:\u00a0 Portugu\u00eas Dimens\u00f5es: 15.3 x 1.6 x 23.3 cm Encaderna\u00e7\u00e3o: Capa mole P\u00e1ginas:\u00a0 250 Tr\u00eas mulheres \u2014 Jenny, a av\u00f3; Camila, a m\u00e3e; Nat\u00e1lia, a filha \u2014 cruzam destinos e as suas mem\u00f3rias do s\u00e9culo neste romance. Entre o di\u00e1rio [&hellip;]<\/p>\n","protected":false},"featured_media":283,"comment_status":"open","ping_status":"closed","template":"","meta":{"om_disable_all_campaigns":false,"_monsterinsights_skip_tracking":false,"_monsterinsights_sitenote_active":false,"_monsterinsights_sitenote_note":"","_monsterinsights_sitenote_category":0,"_uf_show_specific_survey":0,"_uf_disable_surveys":false},"product_cat":[25,62,37],"product_tag":[],"aioseo_notices":[],"jetpack_sharing_enabled":true,"_links":{"self":[{"href":"https:\/\/casadolivreiro.pt\/index.php\/wp-json\/wp\/v2\/product\/282"}],"collection":[{"href":"https:\/\/casadolivreiro.pt\/index.php\/wp-json\/wp\/v2\/product"}],"about":[{"href":"https:\/\/casadolivreiro.pt\/index.php\/wp-json\/wp\/v2\/types\/product"}],"replies":[{"embeddable":true,"href":"https:\/\/casadolivreiro.pt\/index.php\/wp-json\/wp\/v2\/comments?post=282"}],"wp:featuredmedia":[{"embeddable":true,"href":"https:\/\/casadolivreiro.pt\/index.php\/wp-json\/wp\/v2\/media\/283"}],"wp:attachment":[{"href":"https:\/\/casadolivreiro.pt\/index.php\/wp-json\/wp\/v2\/media?parent=282"}],"wp:term":[{"taxonomy":"product_cat","embeddable":true,"href":"https:\/\/casadolivreiro.pt\/index.php\/wp-json\/wp\/v2\/product_cat?post=282"},{"taxonomy":"product_tag","embeddable":true,"href":"https:\/\/casadolivreiro.pt\/index.php\/wp-json\/wp\/v2\/product_tag?post=282"}],"curies":[{"name":"wp","href":"https:\/\/api.w.org\/{rel}","templated":true}]}}