{"id":2812,"date":"2025-02-28T19:13:48","date_gmt":"2025-02-28T19:13:48","guid":{"rendered":"https:\/\/casadolivreiro.pt\/?post_type=product&#038;p=2812"},"modified":"2025-02-28T19:13:48","modified_gmt":"2025-02-28T19:13:48","slug":"homens-e-bichos-axel-munthe","status":"publish","type":"product","link":"https:\/\/casadolivreiro.pt\/index.php\/product\/homens-e-bichos-axel-munthe\/","title":{"rendered":"HOMENS E BICHOS \u2013 Axel Munthe"},"content":{"rendered":"<p>HOMENS E BICHOS \u2013 Axel Munthe<\/p>\n<p>Tradu\u00e7\u00e3o de Ant\u00f3nio S\u00e9rgio<\/p>\n<p>Colec\u00e7\u00e3o Dois Mundos<\/p>\n<p>Ano de edi\u00e7\u00e3o:<\/p>\n<p>Editor: Livros do Brasil, Lisboa<\/p>\n<p>Idioma: Portugu\u00eas<\/p>\n<p>Dimens\u00f5es: 15 x 1.3 x 21.7cm<\/p>\n<p>Encaderna\u00e7\u00e3o: Capa mole<\/p>\n<p>P\u00e1ginas: 151<\/p>\n","protected":false},"excerpt":{"rendered":"<p>HOMENS E BICHOS \u2013 Axel Munthe Tradu\u00e7\u00e3o de Ant\u00f3nio S\u00e9rgio Colec\u00e7\u00e3o Dois Mundos Ano de edi\u00e7\u00e3o: Editor: Livros do Brasil, Lisboa Idioma: Portugu\u00eas Dimens\u00f5es: 15 x 1.3 x 21.7cm Encaderna\u00e7\u00e3o: Capa mole P\u00e1ginas: 151<\/p>\n","protected":false},"featured_media":2813,"comment_status":"open","ping_status":"closed","template":"","meta":{"om_disable_all_campaigns":false,"_monsterinsights_skip_tracking":false,"_monsterinsights_sitenote_active":false,"_monsterinsights_sitenote_note":"","_monsterinsights_sitenote_category":0,"_uf_show_specific_survey":0,"_uf_disable_surveys":false},"product_cat":[26],"product_tag":[],"aioseo_notices":[],"jetpack_sharing_enabled":true,"_links":{"self":[{"href":"https:\/\/casadolivreiro.pt\/index.php\/wp-json\/wp\/v2\/product\/2812"}],"collection":[{"href":"https:\/\/casadolivreiro.pt\/index.php\/wp-json\/wp\/v2\/product"}],"about":[{"href":"https:\/\/casadolivreiro.pt\/index.php\/wp-json\/wp\/v2\/types\/product"}],"replies":[{"embeddable":true,"href":"https:\/\/casadolivreiro.pt\/index.php\/wp-json\/wp\/v2\/comments?post=2812"}],"wp:featuredmedia":[{"embeddable":true,"href":"https:\/\/casadolivreiro.pt\/index.php\/wp-json\/wp\/v2\/media\/2813"}],"wp:attachment":[{"href":"https:\/\/casadolivreiro.pt\/index.php\/wp-json\/wp\/v2\/media?parent=2812"}],"wp:term":[{"taxonomy":"product_cat","embeddable":true,"href":"https:\/\/casadolivreiro.pt\/index.php\/wp-json\/wp\/v2\/product_cat?post=2812"},{"taxonomy":"product_tag","embeddable":true,"href":"https:\/\/casadolivreiro.pt\/index.php\/wp-json\/wp\/v2\/product_tag?post=2812"}],"curies":[{"name":"wp","href":"https:\/\/api.w.org\/{rel}","templated":true}]}}