{"id":2804,"date":"2025-02-28T18:48:59","date_gmt":"2025-02-28T18:48:59","guid":{"rendered":"https:\/\/casadolivreiro.pt\/?post_type=product&#038;p=2804"},"modified":"2025-02-28T18:48:59","modified_gmt":"2025-02-28T18:48:59","slug":"este-homem-e-esta-mulher-james-t-farrel","status":"publish","type":"product","link":"https:\/\/casadolivreiro.pt\/index.php\/product\/este-homem-e-esta-mulher-james-t-farrel\/","title":{"rendered":"ESTE HOMEM E ESTA MULHER \u2013 James T. Farrel"},"content":{"rendered":"<p>ESTE HOMEM E ESTA MULHER \u2013 James T. Farrel<\/p>\n<p>Tradu\u00e7\u00e3o de Tomaz Ribas<\/p>\n<p>Ano de edi\u00e7\u00e3o: 1974<\/p>\n<p>Editor: Circulo de Leitores<\/p>\n<p>Idioma: Portugu\u00eas<\/p>\n<p>Dimens\u00f5es: 11.5 x 2 x 18cm<\/p>\n<p>Encaderna\u00e7\u00e3o: Capa mole<\/p>\n<p>P\u00e1ginas: 197<\/p>\n","protected":false},"excerpt":{"rendered":"<p>ESTE HOMEM E ESTA MULHER \u2013 James T. Farrel Tradu\u00e7\u00e3o de Tomaz Ribas Ano de edi\u00e7\u00e3o: 1974 Editor: Circulo de Leitores Idioma: Portugu\u00eas Dimens\u00f5es: 11.5 x 2 x 18cm Encaderna\u00e7\u00e3o: Capa mole P\u00e1ginas: 197<\/p>\n","protected":false},"featured_media":2805,"comment_status":"open","ping_status":"closed","template":"","meta":{"om_disable_all_campaigns":false,"_monsterinsights_skip_tracking":false,"_monsterinsights_sitenote_active":false,"_monsterinsights_sitenote_note":"","_monsterinsights_sitenote_category":0,"_uf_show_specific_survey":0,"_uf_disable_surveys":false},"product_cat":[26],"product_tag":[],"aioseo_notices":[],"jetpack_sharing_enabled":true,"_links":{"self":[{"href":"https:\/\/casadolivreiro.pt\/index.php\/wp-json\/wp\/v2\/product\/2804"}],"collection":[{"href":"https:\/\/casadolivreiro.pt\/index.php\/wp-json\/wp\/v2\/product"}],"about":[{"href":"https:\/\/casadolivreiro.pt\/index.php\/wp-json\/wp\/v2\/types\/product"}],"replies":[{"embeddable":true,"href":"https:\/\/casadolivreiro.pt\/index.php\/wp-json\/wp\/v2\/comments?post=2804"}],"wp:featuredmedia":[{"embeddable":true,"href":"https:\/\/casadolivreiro.pt\/index.php\/wp-json\/wp\/v2\/media\/2805"}],"wp:attachment":[{"href":"https:\/\/casadolivreiro.pt\/index.php\/wp-json\/wp\/v2\/media?parent=2804"}],"wp:term":[{"taxonomy":"product_cat","embeddable":true,"href":"https:\/\/casadolivreiro.pt\/index.php\/wp-json\/wp\/v2\/product_cat?post=2804"},{"taxonomy":"product_tag","embeddable":true,"href":"https:\/\/casadolivreiro.pt\/index.php\/wp-json\/wp\/v2\/product_tag?post=2804"}],"curies":[{"name":"wp","href":"https:\/\/api.w.org\/{rel}","templated":true}]}}