{"id":2798,"date":"2025-02-28T18:31:31","date_gmt":"2025-02-28T18:31:31","guid":{"rendered":"https:\/\/casadolivreiro.pt\/?post_type=product&#038;p=2798"},"modified":"2025-02-28T18:31:31","modified_gmt":"2025-02-28T18:31:31","slug":"adeus-minha-concubina-lilian-lee","status":"publish","type":"product","link":"https:\/\/casadolivreiro.pt\/index.php\/product\/adeus-minha-concubina-lilian-lee\/","title":{"rendered":"ADEUS, MINHA CONCUBINA \u2013 Lilian Lee"},"content":{"rendered":"<p>ADEUS, MINHA CONCUBINA \u2013 Lilian Lee<\/p>\n<p>Tradu\u00e7\u00e3o de Jos\u00e9 Lu\u00eds Luna<\/p>\n<p>Ano de edi\u00e7\u00e3o: 2002<\/p>\n<p>Editor: ASA Editores<\/p>\n<p>Idioma: Portugu\u00eas<\/p>\n<p>Dimens\u00f5es: 11 x 1.2 x 18cm<\/p>\n<p>Encaderna\u00e7\u00e3o: Capa mole<\/p>\n<p>P\u00e1ginas: 264<\/p>\n","protected":false},"excerpt":{"rendered":"<p>ADEUS, MINHA CONCUBINA \u2013 Lilian Lee Tradu\u00e7\u00e3o de Jos\u00e9 Lu\u00eds Luna Ano de edi\u00e7\u00e3o: 2002 Editor: ASA Editores Idioma: Portugu\u00eas Dimens\u00f5es: 11 x 1.2 x 18cm Encaderna\u00e7\u00e3o: Capa mole P\u00e1ginas: 264<\/p>\n","protected":false},"featured_media":2799,"comment_status":"open","ping_status":"closed","template":"","meta":{"om_disable_all_campaigns":false,"_monsterinsights_skip_tracking":false,"_monsterinsights_sitenote_active":false,"_monsterinsights_sitenote_note":"","_monsterinsights_sitenote_category":0,"_uf_show_specific_survey":0,"_uf_disable_surveys":false},"product_cat":[26],"product_tag":[],"aioseo_notices":[],"jetpack_sharing_enabled":true,"_links":{"self":[{"href":"https:\/\/casadolivreiro.pt\/index.php\/wp-json\/wp\/v2\/product\/2798"}],"collection":[{"href":"https:\/\/casadolivreiro.pt\/index.php\/wp-json\/wp\/v2\/product"}],"about":[{"href":"https:\/\/casadolivreiro.pt\/index.php\/wp-json\/wp\/v2\/types\/product"}],"replies":[{"embeddable":true,"href":"https:\/\/casadolivreiro.pt\/index.php\/wp-json\/wp\/v2\/comments?post=2798"}],"wp:featuredmedia":[{"embeddable":true,"href":"https:\/\/casadolivreiro.pt\/index.php\/wp-json\/wp\/v2\/media\/2799"}],"wp:attachment":[{"href":"https:\/\/casadolivreiro.pt\/index.php\/wp-json\/wp\/v2\/media?parent=2798"}],"wp:term":[{"taxonomy":"product_cat","embeddable":true,"href":"https:\/\/casadolivreiro.pt\/index.php\/wp-json\/wp\/v2\/product_cat?post=2798"},{"taxonomy":"product_tag","embeddable":true,"href":"https:\/\/casadolivreiro.pt\/index.php\/wp-json\/wp\/v2\/product_tag?post=2798"}],"curies":[{"name":"wp","href":"https:\/\/api.w.org\/{rel}","templated":true}]}}