{"id":2796,"date":"2025-02-28T17:39:48","date_gmt":"2025-02-28T17:39:48","guid":{"rendered":"https:\/\/casadolivreiro.pt\/?post_type=product&#038;p=2796"},"modified":"2025-02-28T17:39:48","modified_gmt":"2025-02-28T17:39:48","slug":"o-misterio-de-edwin-drood-charles-dickens","status":"publish","type":"product","link":"https:\/\/casadolivreiro.pt\/index.php\/product\/o-misterio-de-edwin-drood-charles-dickens\/","title":{"rendered":"O MIST\u00c9RIO DE EDWIN DROOD \u2013 Charles Dickens"},"content":{"rendered":"<p>O MIST\u00c9RIO DE EDWIN DROOD \u2013 Charles Dickens<\/p>\n<p>Tradu\u00e7\u00e3o de M\u00e1rio Domingues<\/p>\n<p>Ano de edi\u00e7\u00e3o: 1958<\/p>\n<p>Editor: Romano Torres<\/p>\n<p>Idioma: Portugu\u00eas<\/p>\n<p>Dimens\u00f5es: 12 x 3.5 x 19.1cm<\/p>\n<p>Encaderna\u00e7\u00e3o: Capa mole<\/p>\n<p>P\u00e1ginas: 442<\/p>\n","protected":false},"excerpt":{"rendered":"<p>O MIST\u00c9RIO DE EDWIN DROOD \u2013 Charles Dickens Tradu\u00e7\u00e3o de M\u00e1rio Domingues Ano de edi\u00e7\u00e3o: 1958 Editor: Romano Torres Idioma: Portugu\u00eas Dimens\u00f5es: 12 x 3.5 x 19.1cm Encaderna\u00e7\u00e3o: Capa mole P\u00e1ginas: 442<\/p>\n","protected":false},"featured_media":2797,"comment_status":"open","ping_status":"closed","template":"","meta":{"om_disable_all_campaigns":false,"_monsterinsights_skip_tracking":false,"_monsterinsights_sitenote_active":false,"_monsterinsights_sitenote_note":"","_monsterinsights_sitenote_category":0,"_uf_show_specific_survey":0,"_uf_disable_surveys":false},"product_cat":[26],"product_tag":[],"aioseo_notices":[],"jetpack_sharing_enabled":true,"_links":{"self":[{"href":"https:\/\/casadolivreiro.pt\/index.php\/wp-json\/wp\/v2\/product\/2796"}],"collection":[{"href":"https:\/\/casadolivreiro.pt\/index.php\/wp-json\/wp\/v2\/product"}],"about":[{"href":"https:\/\/casadolivreiro.pt\/index.php\/wp-json\/wp\/v2\/types\/product"}],"replies":[{"embeddable":true,"href":"https:\/\/casadolivreiro.pt\/index.php\/wp-json\/wp\/v2\/comments?post=2796"}],"wp:featuredmedia":[{"embeddable":true,"href":"https:\/\/casadolivreiro.pt\/index.php\/wp-json\/wp\/v2\/media\/2797"}],"wp:attachment":[{"href":"https:\/\/casadolivreiro.pt\/index.php\/wp-json\/wp\/v2\/media?parent=2796"}],"wp:term":[{"taxonomy":"product_cat","embeddable":true,"href":"https:\/\/casadolivreiro.pt\/index.php\/wp-json\/wp\/v2\/product_cat?post=2796"},{"taxonomy":"product_tag","embeddable":true,"href":"https:\/\/casadolivreiro.pt\/index.php\/wp-json\/wp\/v2\/product_tag?post=2796"}],"curies":[{"name":"wp","href":"https:\/\/api.w.org\/{rel}","templated":true}]}}