{"id":2794,"date":"2025-02-28T17:32:34","date_gmt":"2025-02-28T17:32:34","guid":{"rendered":"https:\/\/casadolivreiro.pt\/?post_type=product&#038;p=2794"},"modified":"2025-02-28T17:32:34","modified_gmt":"2025-02-28T17:32:34","slug":"novelas-asiaticas-vol-ii-gobineau","status":"publish","type":"product","link":"https:\/\/casadolivreiro.pt\/index.php\/product\/novelas-asiaticas-vol-ii-gobineau\/","title":{"rendered":"NOVELAS ASI\u00c1TICAS, Vol. II \u2013 Gobineau"},"content":{"rendered":"<p>NOVELAS ASI\u00c1TICAS, Vol. II \u2013 Gobineau<\/p>\n<p>Tradu\u00e7\u00e3o de Luiza Neto Jorge e Victor Ricardo Jorge<\/p>\n<p>Ano de edi\u00e7\u00e3o: 1976<\/p>\n<p>Editor: Editorial Estampa<\/p>\n<p>Idioma: Portugu\u00eas<\/p>\n<p>Dimens\u00f5es: 11.7 x 1.3 x 18.5cm<\/p>\n<p>Encaderna\u00e7\u00e3o: Capa mole<\/p>\n<p>P\u00e1ginas: 180<\/p>\n","protected":false},"excerpt":{"rendered":"<p>NOVELAS ASI\u00c1TICAS, Vol. II \u2013 Gobineau Tradu\u00e7\u00e3o de Luiza Neto Jorge e Victor Ricardo Jorge Ano de edi\u00e7\u00e3o: 1976 Editor: Editorial Estampa Idioma: Portugu\u00eas Dimens\u00f5es: 11.7 x 1.3 x 18.5cm Encaderna\u00e7\u00e3o: Capa mole P\u00e1ginas: 180<\/p>\n","protected":false},"featured_media":2795,"comment_status":"open","ping_status":"closed","template":"","meta":{"om_disable_all_campaigns":false,"_monsterinsights_skip_tracking":false,"_monsterinsights_sitenote_active":false,"_monsterinsights_sitenote_note":"","_monsterinsights_sitenote_category":0,"_uf_show_specific_survey":0,"_uf_disable_surveys":false},"product_cat":[26],"product_tag":[],"aioseo_notices":[],"jetpack_sharing_enabled":true,"_links":{"self":[{"href":"https:\/\/casadolivreiro.pt\/index.php\/wp-json\/wp\/v2\/product\/2794"}],"collection":[{"href":"https:\/\/casadolivreiro.pt\/index.php\/wp-json\/wp\/v2\/product"}],"about":[{"href":"https:\/\/casadolivreiro.pt\/index.php\/wp-json\/wp\/v2\/types\/product"}],"replies":[{"embeddable":true,"href":"https:\/\/casadolivreiro.pt\/index.php\/wp-json\/wp\/v2\/comments?post=2794"}],"wp:featuredmedia":[{"embeddable":true,"href":"https:\/\/casadolivreiro.pt\/index.php\/wp-json\/wp\/v2\/media\/2795"}],"wp:attachment":[{"href":"https:\/\/casadolivreiro.pt\/index.php\/wp-json\/wp\/v2\/media?parent=2794"}],"wp:term":[{"taxonomy":"product_cat","embeddable":true,"href":"https:\/\/casadolivreiro.pt\/index.php\/wp-json\/wp\/v2\/product_cat?post=2794"},{"taxonomy":"product_tag","embeddable":true,"href":"https:\/\/casadolivreiro.pt\/index.php\/wp-json\/wp\/v2\/product_tag?post=2794"}],"curies":[{"name":"wp","href":"https:\/\/api.w.org\/{rel}","templated":true}]}}