{"id":2792,"date":"2025-02-28T17:22:54","date_gmt":"2025-02-28T17:22:54","guid":{"rendered":"https:\/\/casadolivreiro.pt\/?post_type=product&#038;p=2792"},"modified":"2025-02-28T17:25:37","modified_gmt":"2025-02-28T17:25:37","slug":"o-macaco-nu-desmond-morris-2","status":"publish","type":"product","link":"https:\/\/casadolivreiro.pt\/index.php\/product\/o-macaco-nu-desmond-morris-2\/","title":{"rendered":"O MACACO NU &#8211; Desmond Morris"},"content":{"rendered":"<p>O MACACO NU<br \/>\nDesmond Morris<br \/>\nTradu\u00e7\u00e3o de Hermano Neves<br \/>\nAno de edi\u00e7\u00e3o:\u00a0 1975<br \/>\nEditor: Publica\u00e7\u00f5es Europa-America<br \/>\nIdioma: Portugu\u00eas<br \/>\nDimens\u00f5es: 11 x 1.4 x 18 cm<br \/>\nEncaderna\u00e7\u00e3o: Capa mole<br \/>\nP\u00e1ginas: 256<\/p>\n","protected":false},"excerpt":{"rendered":"<p>O MACACO NU Desmond Morris Tradu\u00e7\u00e3o de Hermano Neves Ano de edi\u00e7\u00e3o:\u00a0 1975 Editor: Publica\u00e7\u00f5es Europa-America Idioma: Portugu\u00eas Dimens\u00f5es: 11 x 1.4 x 18 cm Encaderna\u00e7\u00e3o: Capa mole P\u00e1ginas: 256<\/p>\n","protected":false},"featured_media":2793,"comment_status":"open","ping_status":"closed","template":"","meta":{"om_disable_all_campaigns":false,"_monsterinsights_skip_tracking":false,"_monsterinsights_sitenote_active":false,"_monsterinsights_sitenote_note":"","_monsterinsights_sitenote_category":0,"_uf_show_specific_survey":0,"_uf_disable_surveys":false},"product_cat":[26],"product_tag":[],"aioseo_notices":[],"jetpack_sharing_enabled":true,"_links":{"self":[{"href":"https:\/\/casadolivreiro.pt\/index.php\/wp-json\/wp\/v2\/product\/2792"}],"collection":[{"href":"https:\/\/casadolivreiro.pt\/index.php\/wp-json\/wp\/v2\/product"}],"about":[{"href":"https:\/\/casadolivreiro.pt\/index.php\/wp-json\/wp\/v2\/types\/product"}],"replies":[{"embeddable":true,"href":"https:\/\/casadolivreiro.pt\/index.php\/wp-json\/wp\/v2\/comments?post=2792"}],"wp:featuredmedia":[{"embeddable":true,"href":"https:\/\/casadolivreiro.pt\/index.php\/wp-json\/wp\/v2\/media\/2793"}],"wp:attachment":[{"href":"https:\/\/casadolivreiro.pt\/index.php\/wp-json\/wp\/v2\/media?parent=2792"}],"wp:term":[{"taxonomy":"product_cat","embeddable":true,"href":"https:\/\/casadolivreiro.pt\/index.php\/wp-json\/wp\/v2\/product_cat?post=2792"},{"taxonomy":"product_tag","embeddable":true,"href":"https:\/\/casadolivreiro.pt\/index.php\/wp-json\/wp\/v2\/product_tag?post=2792"}],"curies":[{"name":"wp","href":"https:\/\/api.w.org\/{rel}","templated":true}]}}