{"id":2787,"date":"2025-02-28T17:13:32","date_gmt":"2025-02-28T17:13:32","guid":{"rendered":"https:\/\/casadolivreiro.pt\/?post_type=product&#038;p=2787"},"modified":"2025-02-28T17:13:32","modified_gmt":"2025-02-28T17:13:32","slug":"as-alamedas-da-academia-mary-mccarthy","status":"publish","type":"product","link":"https:\/\/casadolivreiro.pt\/index.php\/product\/as-alamedas-da-academia-mary-mccarthy\/","title":{"rendered":"AS ALAMEDAS DA ACADEMIA \u2013 Mary McCarthy"},"content":{"rendered":"<p>AS ALAMEDAS DA ACADEMIA \u2013 Mary McCarthy<\/p>\n<p>Tradu\u00e7\u00e3o de Ricardo Fernandes<\/p>\n<p>Ano de edi\u00e7\u00e3o: 1970<\/p>\n<p>Editor: Portugalia Editora<\/p>\n<p>Idioma: Portugu\u00eas<\/p>\n<p>Dimens\u00f5es: 13 x 2 x 18.5cm<\/p>\n<p>Encaderna\u00e7\u00e3o: Capa mole<\/p>\n<p>P\u00e1ginas: 304<\/p>\n","protected":false},"excerpt":{"rendered":"<p>AS ALAMEDAS DA ACADEMIA \u2013 Mary McCarthy Tradu\u00e7\u00e3o de Ricardo Fernandes Ano de edi\u00e7\u00e3o: 1970 Editor: Portugalia Editora Idioma: Portugu\u00eas Dimens\u00f5es: 13 x 2 x 18.5cm Encaderna\u00e7\u00e3o: Capa mole P\u00e1ginas: 304<\/p>\n","protected":false},"featured_media":2788,"comment_status":"open","ping_status":"closed","template":"","meta":{"om_disable_all_campaigns":false,"_monsterinsights_skip_tracking":false,"_monsterinsights_sitenote_active":false,"_monsterinsights_sitenote_note":"","_monsterinsights_sitenote_category":0,"_uf_show_specific_survey":0,"_uf_disable_surveys":false},"product_cat":[26],"product_tag":[],"aioseo_notices":[],"jetpack_sharing_enabled":true,"_links":{"self":[{"href":"https:\/\/casadolivreiro.pt\/index.php\/wp-json\/wp\/v2\/product\/2787"}],"collection":[{"href":"https:\/\/casadolivreiro.pt\/index.php\/wp-json\/wp\/v2\/product"}],"about":[{"href":"https:\/\/casadolivreiro.pt\/index.php\/wp-json\/wp\/v2\/types\/product"}],"replies":[{"embeddable":true,"href":"https:\/\/casadolivreiro.pt\/index.php\/wp-json\/wp\/v2\/comments?post=2787"}],"wp:featuredmedia":[{"embeddable":true,"href":"https:\/\/casadolivreiro.pt\/index.php\/wp-json\/wp\/v2\/media\/2788"}],"wp:attachment":[{"href":"https:\/\/casadolivreiro.pt\/index.php\/wp-json\/wp\/v2\/media?parent=2787"}],"wp:term":[{"taxonomy":"product_cat","embeddable":true,"href":"https:\/\/casadolivreiro.pt\/index.php\/wp-json\/wp\/v2\/product_cat?post=2787"},{"taxonomy":"product_tag","embeddable":true,"href":"https:\/\/casadolivreiro.pt\/index.php\/wp-json\/wp\/v2\/product_tag?post=2787"}],"curies":[{"name":"wp","href":"https:\/\/api.w.org\/{rel}","templated":true}]}}