{"id":278,"date":"2024-03-07T17:21:30","date_gmt":"2024-03-07T17:21:30","guid":{"rendered":"https:\/\/casadolivreiro.pt\/?post_type=product&#038;p=278"},"modified":"2024-03-07T17:21:30","modified_gmt":"2024-03-07T17:21:30","slug":"os-ultimos-dias-de-poncio-pilatos-paula-de-sousa-lima","status":"publish","type":"product","link":"https:\/\/casadolivreiro.pt\/index.php\/product\/os-ultimos-dias-de-poncio-pilatos-paula-de-sousa-lima\/","title":{"rendered":"OS \u00daLTIMOS DIAS DE P\u00d4NCIO PILATOS &#8211; Paula de Sousa Lima"},"content":{"rendered":"<p>OS \u00daLTIMOS DIAS DE P\u00d4NCIO PILATOS<br \/>\nPaula de Sousa Lima<br \/>\nISBN: 9789724620459<br \/>\nAno de edi\u00e7\u00e3o: 11-2011<br \/>\nEditor: Casa das Letras<br \/>\nIdioma: Portugu\u00eas<br \/>\nDimens\u00f5es: 15.6 x 1.5 x \u00a023.6cm<br \/>\nEncaderna\u00e7\u00e3o: Capa mole<br \/>\nP\u00e1ginas: 224<br \/>\nCole\u00e7\u00e3o: Romance Hist\u00f3rico<\/p>\n<p>Cl\u00e1udia tem desde crian\u00e7a o dom da premoni\u00e7\u00e3o &#8211; e foi num sonho que viu pela primeira vez P\u00f4ncio Pilatos e soube que seria seu marido; mais tarde, quando o reconheceu no pal\u00e1cio do imperador, teve a certeza de que o seu cora\u00e7\u00e3o &#8211; t\u00e3o escuro naquele momento &#8211; um dia iria clarear-se.<\/p>\n<p>Foi tamb\u00e9m num sonho que Cl\u00e1udia anteviu a chegada do Nazareno &#8211; de quem foi seguidora desde o primeiro instante &#8211; e se intrigou com as imagens recorrentes de sangue derramado, desconhecendo, por\u00e9m, que se tratava do sangue de Cristo, do qual Pilatos, seu marido, n\u00e3o poderia lavar as m\u00e3os. Estamos agora no ano de 86, e Cl\u00e1udia desce todos os dias at\u00e9 Roma para socorrer os mais necessitados, a quem j\u00e1 ofereceu todos os seus bens. Teme pela vida dos ap\u00f3stolos Pedro e Paulo, pois o imperador mandou que se perseguissem e matassem todos os crist\u00e3os; teme ainda pela vida do marido quando o deixa sozinho, anci\u00e3o j\u00e1, em busca das palavras mais justas para compor o evangelho que o redimir\u00e1 da sua culpa de omiss\u00e3o: o testemunho da obra e da palavra do Nazareno, que clareou o seu cora\u00e7\u00e3o e lhe deu a conhecer a sua alma.<\/p>\n<p>Situando a ac\u00e7\u00e3o em Roma e na Palestina, Os \u00daltimos Dias de P\u00f4ncio Pilatos \u00e9 um romance po\u00e9tico e inovador, que ficciona a vida de personagens reais que interagem com outras, surgidas da imagina\u00e7\u00e3o, num tempo mais m\u00e1gico do que hist\u00f3rico.<\/p>\n","protected":false},"excerpt":{"rendered":"<p>OS \u00daLTIMOS DIAS DE P\u00d4NCIO PILATOS Paula de Sousa Lima ISBN: 9789724620459 Ano de edi\u00e7\u00e3o: 11-2011 Editor: Casa das Letras Idioma: Portugu\u00eas Dimens\u00f5es: 15.6 x 1.5 x \u00a023.6cm Encaderna\u00e7\u00e3o: Capa mole P\u00e1ginas: 224 Cole\u00e7\u00e3o: Romance Hist\u00f3rico Cl\u00e1udia tem desde crian\u00e7a o dom da premoni\u00e7\u00e3o &#8211; e foi num sonho que viu pela primeira vez P\u00f4ncio [&hellip;]<\/p>\n","protected":false},"featured_media":279,"comment_status":"open","ping_status":"closed","template":"","meta":{"om_disable_all_campaigns":false,"_monsterinsights_skip_tracking":false,"_monsterinsights_sitenote_active":false,"_monsterinsights_sitenote_note":"","_monsterinsights_sitenote_category":0,"_uf_show_specific_survey":0,"_uf_disable_surveys":false},"product_cat":[25,62,38],"product_tag":[],"aioseo_notices":[],"jetpack_sharing_enabled":true,"_links":{"self":[{"href":"https:\/\/casadolivreiro.pt\/index.php\/wp-json\/wp\/v2\/product\/278"}],"collection":[{"href":"https:\/\/casadolivreiro.pt\/index.php\/wp-json\/wp\/v2\/product"}],"about":[{"href":"https:\/\/casadolivreiro.pt\/index.php\/wp-json\/wp\/v2\/types\/product"}],"replies":[{"embeddable":true,"href":"https:\/\/casadolivreiro.pt\/index.php\/wp-json\/wp\/v2\/comments?post=278"}],"wp:featuredmedia":[{"embeddable":true,"href":"https:\/\/casadolivreiro.pt\/index.php\/wp-json\/wp\/v2\/media\/279"}],"wp:attachment":[{"href":"https:\/\/casadolivreiro.pt\/index.php\/wp-json\/wp\/v2\/media?parent=278"}],"wp:term":[{"taxonomy":"product_cat","embeddable":true,"href":"https:\/\/casadolivreiro.pt\/index.php\/wp-json\/wp\/v2\/product_cat?post=278"},{"taxonomy":"product_tag","embeddable":true,"href":"https:\/\/casadolivreiro.pt\/index.php\/wp-json\/wp\/v2\/product_tag?post=278"}],"curies":[{"name":"wp","href":"https:\/\/api.w.org\/{rel}","templated":true}]}}