{"id":2767,"date":"2025-02-27T23:47:54","date_gmt":"2025-02-27T23:47:54","guid":{"rendered":"https:\/\/casadolivreiro.pt\/?post_type=product&#038;p=2767"},"modified":"2025-02-27T23:47:54","modified_gmt":"2025-02-27T23:47:54","slug":"os-mercadores-de-algodao-georges-philippou-pierides","status":"publish","type":"product","link":"https:\/\/casadolivreiro.pt\/index.php\/product\/os-mercadores-de-algodao-georges-philippou-pierides\/","title":{"rendered":"OS MERCADORES DE ALGOD\u00c3O \u2013 Georges Philippou Pierides"},"content":{"rendered":"<p>OS MERCADORES DE ALGOD\u00c3O \u2013 Georges Philippou Pierides<\/p>\n<p>Tradu\u00e7\u00e3o de Maria Jo\u00e3o Mayer Branco<\/p>\n<p>Ano de edi\u00e7\u00e3o: 2004<\/p>\n<p>Editor: Cavalo de Ferro, Lisboa<\/p>\n<p>Idioma: Portugu\u00eas<\/p>\n<p>Dimens\u00f5es: 12 x 1.5 x 20cm<\/p>\n<p>Encaderna\u00e7\u00e3o: Capa dura<\/p>\n<p>P\u00e1ginas: 132<\/p>\n","protected":false},"excerpt":{"rendered":"<p>OS MERCADORES DE ALGOD\u00c3O \u2013 Georges Philippou Pierides Tradu\u00e7\u00e3o de Maria Jo\u00e3o Mayer Branco Ano de edi\u00e7\u00e3o: 2004 Editor: Cavalo de Ferro, Lisboa Idioma: Portugu\u00eas Dimens\u00f5es: 12 x 1.5 x 20cm Encaderna\u00e7\u00e3o: Capa dura P\u00e1ginas: 132<\/p>\n","protected":false},"featured_media":2768,"comment_status":"open","ping_status":"closed","template":"","meta":{"om_disable_all_campaigns":false,"_monsterinsights_skip_tracking":false,"_monsterinsights_sitenote_active":false,"_monsterinsights_sitenote_note":"","_monsterinsights_sitenote_category":0,"_uf_show_specific_survey":0,"_uf_disable_surveys":false},"product_cat":[26],"product_tag":[],"aioseo_notices":[],"jetpack_sharing_enabled":true,"_links":{"self":[{"href":"https:\/\/casadolivreiro.pt\/index.php\/wp-json\/wp\/v2\/product\/2767"}],"collection":[{"href":"https:\/\/casadolivreiro.pt\/index.php\/wp-json\/wp\/v2\/product"}],"about":[{"href":"https:\/\/casadolivreiro.pt\/index.php\/wp-json\/wp\/v2\/types\/product"}],"replies":[{"embeddable":true,"href":"https:\/\/casadolivreiro.pt\/index.php\/wp-json\/wp\/v2\/comments?post=2767"}],"wp:featuredmedia":[{"embeddable":true,"href":"https:\/\/casadolivreiro.pt\/index.php\/wp-json\/wp\/v2\/media\/2768"}],"wp:attachment":[{"href":"https:\/\/casadolivreiro.pt\/index.php\/wp-json\/wp\/v2\/media?parent=2767"}],"wp:term":[{"taxonomy":"product_cat","embeddable":true,"href":"https:\/\/casadolivreiro.pt\/index.php\/wp-json\/wp\/v2\/product_cat?post=2767"},{"taxonomy":"product_tag","embeddable":true,"href":"https:\/\/casadolivreiro.pt\/index.php\/wp-json\/wp\/v2\/product_tag?post=2767"}],"curies":[{"name":"wp","href":"https:\/\/api.w.org\/{rel}","templated":true}]}}