{"id":2754,"date":"2025-02-27T21:32:58","date_gmt":"2025-02-27T21:32:58","guid":{"rendered":"https:\/\/casadolivreiro.pt\/?post_type=product&#038;p=2754"},"modified":"2025-02-27T21:32:59","modified_gmt":"2025-02-27T21:32:59","slug":"os-dois-lamas-do-ocidente-denise-bernard","status":"publish","type":"product","link":"https:\/\/casadolivreiro.pt\/index.php\/product\/os-dois-lamas-do-ocidente-denise-bernard\/","title":{"rendered":"OS DOIS LAMAS DO OCIDENTE \u2013 Denise Bernard"},"content":{"rendered":"<p>OS DOIS LAMAS DO OCIDENTE \u2013 Denise Bernard<\/p>\n<p>Tradu\u00e7\u00e3o de Manuel Alves da Silva<\/p>\n<p>Ano de edi\u00e7\u00e3o: 1975<\/p>\n<p>Editor: Paulistas<\/p>\n<p>Idioma: Portugu\u00eas<\/p>\n<p>Dimens\u00f5es: 11.5 x 1 x 18cm<\/p>\n<p>Encaderna\u00e7\u00e3o: Capa mole<\/p>\n<p>P\u00e1ginas: 157<\/p>\n","protected":false},"excerpt":{"rendered":"<p>OS DOIS LAMAS DO OCIDENTE \u2013 Denise Bernard Tradu\u00e7\u00e3o de Manuel Alves da Silva Ano de edi\u00e7\u00e3o: 1975 Editor: Paulistas Idioma: Portugu\u00eas Dimens\u00f5es: 11.5 x 1 x 18cm Encaderna\u00e7\u00e3o: Capa mole P\u00e1ginas: 157<\/p>\n","protected":false},"featured_media":2755,"comment_status":"open","ping_status":"closed","template":"","meta":{"om_disable_all_campaigns":false,"_monsterinsights_skip_tracking":false,"_monsterinsights_sitenote_active":false,"_monsterinsights_sitenote_note":"","_monsterinsights_sitenote_category":0,"_uf_show_specific_survey":0,"_uf_disable_surveys":false},"product_cat":[33,26],"product_tag":[],"aioseo_notices":[],"jetpack_sharing_enabled":true,"_links":{"self":[{"href":"https:\/\/casadolivreiro.pt\/index.php\/wp-json\/wp\/v2\/product\/2754"}],"collection":[{"href":"https:\/\/casadolivreiro.pt\/index.php\/wp-json\/wp\/v2\/product"}],"about":[{"href":"https:\/\/casadolivreiro.pt\/index.php\/wp-json\/wp\/v2\/types\/product"}],"replies":[{"embeddable":true,"href":"https:\/\/casadolivreiro.pt\/index.php\/wp-json\/wp\/v2\/comments?post=2754"}],"wp:featuredmedia":[{"embeddable":true,"href":"https:\/\/casadolivreiro.pt\/index.php\/wp-json\/wp\/v2\/media\/2755"}],"wp:attachment":[{"href":"https:\/\/casadolivreiro.pt\/index.php\/wp-json\/wp\/v2\/media?parent=2754"}],"wp:term":[{"taxonomy":"product_cat","embeddable":true,"href":"https:\/\/casadolivreiro.pt\/index.php\/wp-json\/wp\/v2\/product_cat?post=2754"},{"taxonomy":"product_tag","embeddable":true,"href":"https:\/\/casadolivreiro.pt\/index.php\/wp-json\/wp\/v2\/product_tag?post=2754"}],"curies":[{"name":"wp","href":"https:\/\/api.w.org\/{rel}","templated":true}]}}