{"id":274,"date":"2024-03-07T17:12:55","date_gmt":"2024-03-07T17:12:55","guid":{"rendered":"https:\/\/casadolivreiro.pt\/?post_type=product&#038;p=274"},"modified":"2024-03-07T17:12:55","modified_gmt":"2024-03-07T17:12:55","slug":"os-herois-e-o-medo-magalhaes-pinto","status":"publish","type":"product","link":"https:\/\/casadolivreiro.pt\/index.php\/product\/os-herois-e-o-medo-magalhaes-pinto\/","title":{"rendered":"OS HER\u00d3IS E O MEDO &#8211; Magalh\u00e3es Pinto"},"content":{"rendered":"<p>OS HER\u00d3IS E O MEDO<br \/>\nMagalh\u00e3es Pinto<br \/>\nISBN:\u00a0\u00a0\u00a0 9789727801152<br \/>\nEditor:\u00a0 \u00c2ncora Editora<br \/>\nData de Lan\u00e7amento:\u00a0 dezembro de 2003, Primeira edi\u00e7\u00e3o<br \/>\nIdioma: Portugu\u00eas<br \/>\nDimens\u00f5es: 13.9 x 2.3 x 23 cm<br \/>\nEncaderna\u00e7\u00e3o: Capa mole<br \/>\nP\u00e1ginas: 276<\/p>\n<p>N\u00e3o h\u00e1 her\u00f3is sem medo. A heroicidade n\u00e3o se mede pelo n\u00famero de advers\u00e1rios mortos. H\u00e1 outra heroicidade na capacidade de guardar, no meio da trag\u00e9dia que \u00e9 a guerra, um profundo sentido de humanidade, de solidariedade, de aus\u00eancia total de racismo. H\u00e1 uma outra heroicidade na capacidade de n\u00e3o deixar que o medo abafe a no\u00e7\u00e3o de que em ambos os lados de uma arma est\u00e3o seres humanos.<\/p>\n<p>\u00c9 dessa heroicidade e desse medo que aqui se fala. \u00c9, sobretudo, no dizer do autor, uma homenagem a uma gera\u00e7\u00e3o de portugueses extremamente sacrificada, em nome de um conceito de P\u00e1tria nela inculcado, que, todavia n\u00e3o discutiram. Os Her\u00f3is e o Medo \u00e9 um testemunho vigoroso de um per\u00edodo conturbado da vida portuguesa, vivido e sentido pelo autor.<\/p>\n","protected":false},"excerpt":{"rendered":"<p>OS HER\u00d3IS E O MEDO Magalh\u00e3es Pinto ISBN:\u00a0\u00a0\u00a0 9789727801152 Editor:\u00a0 \u00c2ncora Editora Data de Lan\u00e7amento:\u00a0 dezembro de 2003, Primeira edi\u00e7\u00e3o Idioma: Portugu\u00eas Dimens\u00f5es: 13.9 x 2.3 x 23 cm Encaderna\u00e7\u00e3o: Capa mole P\u00e1ginas: 276 N\u00e3o h\u00e1 her\u00f3is sem medo. A heroicidade n\u00e3o se mede pelo n\u00famero de advers\u00e1rios mortos. H\u00e1 outra heroicidade na capacidade de [&hellip;]<\/p>\n","protected":false},"featured_media":275,"comment_status":"open","ping_status":"closed","template":"","meta":{"om_disable_all_campaigns":false,"_monsterinsights_skip_tracking":false,"_monsterinsights_sitenote_active":false,"_monsterinsights_sitenote_note":"","_monsterinsights_sitenote_category":0,"_uf_show_specific_survey":0,"_uf_disable_surveys":false},"product_cat":[31,30,62,61],"product_tag":[],"aioseo_notices":[],"jetpack_sharing_enabled":true,"_links":{"self":[{"href":"https:\/\/casadolivreiro.pt\/index.php\/wp-json\/wp\/v2\/product\/274"}],"collection":[{"href":"https:\/\/casadolivreiro.pt\/index.php\/wp-json\/wp\/v2\/product"}],"about":[{"href":"https:\/\/casadolivreiro.pt\/index.php\/wp-json\/wp\/v2\/types\/product"}],"replies":[{"embeddable":true,"href":"https:\/\/casadolivreiro.pt\/index.php\/wp-json\/wp\/v2\/comments?post=274"}],"wp:featuredmedia":[{"embeddable":true,"href":"https:\/\/casadolivreiro.pt\/index.php\/wp-json\/wp\/v2\/media\/275"}],"wp:attachment":[{"href":"https:\/\/casadolivreiro.pt\/index.php\/wp-json\/wp\/v2\/media?parent=274"}],"wp:term":[{"taxonomy":"product_cat","embeddable":true,"href":"https:\/\/casadolivreiro.pt\/index.php\/wp-json\/wp\/v2\/product_cat?post=274"},{"taxonomy":"product_tag","embeddable":true,"href":"https:\/\/casadolivreiro.pt\/index.php\/wp-json\/wp\/v2\/product_tag?post=274"}],"curies":[{"name":"wp","href":"https:\/\/api.w.org\/{rel}","templated":true}]}}