{"id":2726,"date":"2025-02-27T16:36:29","date_gmt":"2025-02-27T16:36:29","guid":{"rendered":"https:\/\/casadolivreiro.pt\/?post_type=product&#038;p=2726"},"modified":"2025-02-27T16:36:29","modified_gmt":"2025-02-27T16:36:29","slug":"furioso-voldemar-lestienne","status":"publish","type":"product","link":"https:\/\/casadolivreiro.pt\/index.php\/product\/furioso-voldemar-lestienne\/","title":{"rendered":"FURIOSO \u2013 Voldemar Lestienne"},"content":{"rendered":"<p>FURIOSO \u2013 Voldemar Lestienne<\/p>\n<p>Tradu\u00e7\u00e3o de Luisa Neto Jorge e Manuel Jo\u00e3o Gomes<\/p>\n<p>Ano de edi\u00e7\u00e3o: 1973<\/p>\n<p>Editor: Livraria Bertrand<\/p>\n<p>Idioma: Portugu\u00eas<\/p>\n<p>Dimens\u00f5es: 15 x 2.6 x 20cm<\/p>\n<p>Encaderna\u00e7\u00e3o: Capa mole<\/p>\n<p>P\u00e1ginas: 459<\/p>\n","protected":false},"excerpt":{"rendered":"<p>FURIOSO \u2013 Voldemar Lestienne Tradu\u00e7\u00e3o de Luisa Neto Jorge e Manuel Jo\u00e3o Gomes Ano de edi\u00e7\u00e3o: 1973 Editor: Livraria Bertrand Idioma: Portugu\u00eas Dimens\u00f5es: 15 x 2.6 x 20cm Encaderna\u00e7\u00e3o: Capa mole P\u00e1ginas: 459<\/p>\n","protected":false},"featured_media":2727,"comment_status":"open","ping_status":"closed","template":"","meta":{"om_disable_all_campaigns":false,"_monsterinsights_skip_tracking":false,"_monsterinsights_sitenote_active":false,"_monsterinsights_sitenote_note":"","_monsterinsights_sitenote_category":0,"_uf_show_specific_survey":0,"_uf_disable_surveys":false},"product_cat":[26],"product_tag":[],"aioseo_notices":[],"jetpack_sharing_enabled":true,"_links":{"self":[{"href":"https:\/\/casadolivreiro.pt\/index.php\/wp-json\/wp\/v2\/product\/2726"}],"collection":[{"href":"https:\/\/casadolivreiro.pt\/index.php\/wp-json\/wp\/v2\/product"}],"about":[{"href":"https:\/\/casadolivreiro.pt\/index.php\/wp-json\/wp\/v2\/types\/product"}],"replies":[{"embeddable":true,"href":"https:\/\/casadolivreiro.pt\/index.php\/wp-json\/wp\/v2\/comments?post=2726"}],"wp:featuredmedia":[{"embeddable":true,"href":"https:\/\/casadolivreiro.pt\/index.php\/wp-json\/wp\/v2\/media\/2727"}],"wp:attachment":[{"href":"https:\/\/casadolivreiro.pt\/index.php\/wp-json\/wp\/v2\/media?parent=2726"}],"wp:term":[{"taxonomy":"product_cat","embeddable":true,"href":"https:\/\/casadolivreiro.pt\/index.php\/wp-json\/wp\/v2\/product_cat?post=2726"},{"taxonomy":"product_tag","embeddable":true,"href":"https:\/\/casadolivreiro.pt\/index.php\/wp-json\/wp\/v2\/product_tag?post=2726"}],"curies":[{"name":"wp","href":"https:\/\/api.w.org\/{rel}","templated":true}]}}