{"id":2721,"date":"2025-02-27T16:22:43","date_gmt":"2025-02-27T16:22:43","guid":{"rendered":"https:\/\/casadolivreiro.pt\/?post_type=product&#038;p=2721"},"modified":"2025-02-27T16:24:48","modified_gmt":"2025-02-27T16:24:48","slug":"alex-rider-o-projecto-gemini-anthony-horowitz","status":"publish","type":"product","link":"https:\/\/casadolivreiro.pt\/index.php\/product\/alex-rider-o-projecto-gemini-anthony-horowitz\/","title":{"rendered":"ALEX RIDER: O PROJECTO GEMINI \u2013 Anthony Horowitz"},"content":{"rendered":"<p>ALEX RIDER: O PROJECTO GEMINI \u2013 Anthony Horowitz<\/p>\n<p>Tradu\u00e7\u00e3o de Maria Georgina Segurado<\/p>\n<p>Ano de edi\u00e7\u00e3o: 2007 ( 1\u00aa Edi\u00e7\u00e3o)<\/p>\n<p>Editor: Presen\u00e7a<\/p>\n<p>Idioma: Portugu\u00eas<\/p>\n<p>Dimens\u00f5es: 15.5 x 1 x 22.5cm<\/p>\n<p>Encaderna\u00e7\u00e3o: Capa mole<\/p>\n<p>P\u00e1ginas: 172<\/p>\n","protected":false},"excerpt":{"rendered":"<p>ALEX RIDER: O PROJECTO GEMINI \u2013 Anthony Horowitz Tradu\u00e7\u00e3o de Maria Georgina Segurado Ano de edi\u00e7\u00e3o: 2007 ( 1\u00aa Edi\u00e7\u00e3o) Editor: Presen\u00e7a Idioma: Portugu\u00eas Dimens\u00f5es: 15.5 x 1 x 22.5cm Encaderna\u00e7\u00e3o: Capa mole P\u00e1ginas: 172<\/p>\n","protected":false},"featured_media":2722,"comment_status":"open","ping_status":"closed","template":"","meta":{"om_disable_all_campaigns":false,"_monsterinsights_skip_tracking":false,"_monsterinsights_sitenote_active":false,"_monsterinsights_sitenote_note":"","_monsterinsights_sitenote_category":0,"_uf_show_specific_survey":0,"_uf_disable_surveys":false},"product_cat":[26,44,61],"product_tag":[],"aioseo_notices":[],"jetpack_sharing_enabled":true,"_links":{"self":[{"href":"https:\/\/casadolivreiro.pt\/index.php\/wp-json\/wp\/v2\/product\/2721"}],"collection":[{"href":"https:\/\/casadolivreiro.pt\/index.php\/wp-json\/wp\/v2\/product"}],"about":[{"href":"https:\/\/casadolivreiro.pt\/index.php\/wp-json\/wp\/v2\/types\/product"}],"replies":[{"embeddable":true,"href":"https:\/\/casadolivreiro.pt\/index.php\/wp-json\/wp\/v2\/comments?post=2721"}],"wp:featuredmedia":[{"embeddable":true,"href":"https:\/\/casadolivreiro.pt\/index.php\/wp-json\/wp\/v2\/media\/2722"}],"wp:attachment":[{"href":"https:\/\/casadolivreiro.pt\/index.php\/wp-json\/wp\/v2\/media?parent=2721"}],"wp:term":[{"taxonomy":"product_cat","embeddable":true,"href":"https:\/\/casadolivreiro.pt\/index.php\/wp-json\/wp\/v2\/product_cat?post=2721"},{"taxonomy":"product_tag","embeddable":true,"href":"https:\/\/casadolivreiro.pt\/index.php\/wp-json\/wp\/v2\/product_tag?post=2721"}],"curies":[{"name":"wp","href":"https:\/\/api.w.org\/{rel}","templated":true}]}}