{"id":2715,"date":"2025-02-27T14:42:38","date_gmt":"2025-02-27T14:42:38","guid":{"rendered":"https:\/\/casadolivreiro.pt\/?post_type=product&#038;p=2715"},"modified":"2025-02-27T14:43:36","modified_gmt":"2025-02-27T14:43:36","slug":"a-estatueta-fatal-lawrence-sanders","status":"publish","type":"product","link":"https:\/\/casadolivreiro.pt\/index.php\/product\/a-estatueta-fatal-lawrence-sanders\/","title":{"rendered":"A ESTATUETA FATAL \u2013 Lawrence Sanders"},"content":{"rendered":"<p>A ESTATUETA FATAL \u2013 Lawrence Sanders<\/p>\n<p>Tradu\u00e7\u00e3o de Raul de Sousa Machado<\/p>\n<p>Ano de edi\u00e7\u00e3o: 1989<\/p>\n<p>Editor: Circulo de Leitores<\/p>\n<p>Idioma: Portugu\u00eas<\/p>\n<p>Dimens\u00f5es: 12 x 2.5 x 20cm<\/p>\n<p>Encaderna\u00e7\u00e3o: Capa dura<\/p>\n<p>P\u00e1ginas: 333<\/p>\n","protected":false},"excerpt":{"rendered":"<p>A ESTATUETA FATAL \u2013 Lawrence Sanders Tradu\u00e7\u00e3o de Raul de Sousa Machado Ano de edi\u00e7\u00e3o: 1989 Editor: Circulo de Leitores Idioma: Portugu\u00eas Dimens\u00f5es: 12 x 2.5 x 20cm Encaderna\u00e7\u00e3o: Capa dura P\u00e1ginas: 333<\/p>\n","protected":false},"featured_media":2716,"comment_status":"open","ping_status":"closed","template":"","meta":{"om_disable_all_campaigns":false,"_monsterinsights_skip_tracking":false,"_monsterinsights_sitenote_active":false,"_monsterinsights_sitenote_note":"","_monsterinsights_sitenote_category":0,"_uf_show_specific_survey":0,"_uf_disable_surveys":false},"product_cat":[26],"product_tag":[],"aioseo_notices":[],"jetpack_sharing_enabled":true,"_links":{"self":[{"href":"https:\/\/casadolivreiro.pt\/index.php\/wp-json\/wp\/v2\/product\/2715"}],"collection":[{"href":"https:\/\/casadolivreiro.pt\/index.php\/wp-json\/wp\/v2\/product"}],"about":[{"href":"https:\/\/casadolivreiro.pt\/index.php\/wp-json\/wp\/v2\/types\/product"}],"replies":[{"embeddable":true,"href":"https:\/\/casadolivreiro.pt\/index.php\/wp-json\/wp\/v2\/comments?post=2715"}],"wp:featuredmedia":[{"embeddable":true,"href":"https:\/\/casadolivreiro.pt\/index.php\/wp-json\/wp\/v2\/media\/2716"}],"wp:attachment":[{"href":"https:\/\/casadolivreiro.pt\/index.php\/wp-json\/wp\/v2\/media?parent=2715"}],"wp:term":[{"taxonomy":"product_cat","embeddable":true,"href":"https:\/\/casadolivreiro.pt\/index.php\/wp-json\/wp\/v2\/product_cat?post=2715"},{"taxonomy":"product_tag","embeddable":true,"href":"https:\/\/casadolivreiro.pt\/index.php\/wp-json\/wp\/v2\/product_tag?post=2715"}],"curies":[{"name":"wp","href":"https:\/\/api.w.org\/{rel}","templated":true}]}}