{"id":2709,"date":"2025-02-27T14:03:04","date_gmt":"2025-02-27T14:03:04","guid":{"rendered":"https:\/\/casadolivreiro.pt\/?post_type=product&#038;p=2709"},"modified":"2025-02-27T14:03:04","modified_gmt":"2025-02-27T14:03:04","slug":"prova-a-destruir-margaret-yorke","status":"publish","type":"product","link":"https:\/\/casadolivreiro.pt\/index.php\/product\/prova-a-destruir-margaret-yorke\/","title":{"rendered":"PROVA A DESTRUIR \u2013 Margaret Yorke"},"content":{"rendered":"<p>PROVA A DESTRUIR \u2013 Margaret Yorke<\/p>\n<p>Tradu\u00e7\u00e3o de Eduardo Sal\u00f3<\/p>\n<p>Ano de edi\u00e7\u00e3o: 1994<\/p>\n<p>Editor: Circulo de Leitores<\/p>\n<p>Idioma: Portugu\u00eas<\/p>\n<p>Dimens\u00f5es: 12 x 1.5 x 20cm<\/p>\n<p>Encaderna\u00e7\u00e3o: Capa dura<\/p>\n<p>P\u00e1ginas: 260<\/p>\n","protected":false},"excerpt":{"rendered":"<p>PROVA A DESTRUIR \u2013 Margaret Yorke Tradu\u00e7\u00e3o de Eduardo Sal\u00f3 Ano de edi\u00e7\u00e3o: 1994 Editor: Circulo de Leitores Idioma: Portugu\u00eas Dimens\u00f5es: 12 x 1.5 x 20cm Encaderna\u00e7\u00e3o: Capa dura P\u00e1ginas: 260<\/p>\n","protected":false},"featured_media":2710,"comment_status":"open","ping_status":"closed","template":"","meta":{"om_disable_all_campaigns":false,"_monsterinsights_skip_tracking":false,"_monsterinsights_sitenote_active":false,"_monsterinsights_sitenote_note":"","_monsterinsights_sitenote_category":0,"_uf_show_specific_survey":0,"_uf_disable_surveys":false},"product_cat":[26,44],"product_tag":[],"aioseo_notices":[],"jetpack_sharing_enabled":true,"_links":{"self":[{"href":"https:\/\/casadolivreiro.pt\/index.php\/wp-json\/wp\/v2\/product\/2709"}],"collection":[{"href":"https:\/\/casadolivreiro.pt\/index.php\/wp-json\/wp\/v2\/product"}],"about":[{"href":"https:\/\/casadolivreiro.pt\/index.php\/wp-json\/wp\/v2\/types\/product"}],"replies":[{"embeddable":true,"href":"https:\/\/casadolivreiro.pt\/index.php\/wp-json\/wp\/v2\/comments?post=2709"}],"wp:featuredmedia":[{"embeddable":true,"href":"https:\/\/casadolivreiro.pt\/index.php\/wp-json\/wp\/v2\/media\/2710"}],"wp:attachment":[{"href":"https:\/\/casadolivreiro.pt\/index.php\/wp-json\/wp\/v2\/media?parent=2709"}],"wp:term":[{"taxonomy":"product_cat","embeddable":true,"href":"https:\/\/casadolivreiro.pt\/index.php\/wp-json\/wp\/v2\/product_cat?post=2709"},{"taxonomy":"product_tag","embeddable":true,"href":"https:\/\/casadolivreiro.pt\/index.php\/wp-json\/wp\/v2\/product_tag?post=2709"}],"curies":[{"name":"wp","href":"https:\/\/api.w.org\/{rel}","templated":true}]}}