{"id":2701,"date":"2025-02-27T13:00:53","date_gmt":"2025-02-27T13:00:53","guid":{"rendered":"https:\/\/casadolivreiro.pt\/?post_type=product&#038;p=2701"},"modified":"2025-02-27T13:00:53","modified_gmt":"2025-02-27T13:00:53","slug":"dias-tranquilos-em-clichy-henry-miller","status":"publish","type":"product","link":"https:\/\/casadolivreiro.pt\/index.php\/product\/dias-tranquilos-em-clichy-henry-miller\/","title":{"rendered":"DIAS TRANQUILOS EM CLICHY \u2013 Henry Miller"},"content":{"rendered":"<p>DIAS TRANQUILOS EM CLICHY \u2013 Henry Miller<\/p>\n<p>Tradu\u00e7\u00e3o de Magda Ansell<\/p>\n<p>Ano de edi\u00e7\u00e3o: 1991<\/p>\n<p>Editor: Circulo de Leitores<\/p>\n<p>Idioma: Portugu\u00eas<\/p>\n<p>Dimens\u00f5es: 12.5 x 1.3 x 20.3cm<\/p>\n<p>Encaderna\u00e7\u00e3o: Capa dura<\/p>\n<p>P\u00e1ginas: 137<\/p>\n","protected":false},"excerpt":{"rendered":"<p>DIAS TRANQUILOS EM CLICHY \u2013 Henry Miller Tradu\u00e7\u00e3o de Magda Ansell Ano de edi\u00e7\u00e3o: 1991 Editor: Circulo de Leitores Idioma: Portugu\u00eas Dimens\u00f5es: 12.5 x 1.3 x 20.3cm Encaderna\u00e7\u00e3o: Capa dura P\u00e1ginas: 137<\/p>\n","protected":false},"featured_media":2702,"comment_status":"open","ping_status":"closed","template":"","meta":{"om_disable_all_campaigns":false,"_monsterinsights_skip_tracking":false,"_monsterinsights_sitenote_active":false,"_monsterinsights_sitenote_note":"","_monsterinsights_sitenote_category":0,"_uf_show_specific_survey":0,"_uf_disable_surveys":false},"product_cat":[26,67],"product_tag":[],"aioseo_notices":[],"jetpack_sharing_enabled":true,"_links":{"self":[{"href":"https:\/\/casadolivreiro.pt\/index.php\/wp-json\/wp\/v2\/product\/2701"}],"collection":[{"href":"https:\/\/casadolivreiro.pt\/index.php\/wp-json\/wp\/v2\/product"}],"about":[{"href":"https:\/\/casadolivreiro.pt\/index.php\/wp-json\/wp\/v2\/types\/product"}],"replies":[{"embeddable":true,"href":"https:\/\/casadolivreiro.pt\/index.php\/wp-json\/wp\/v2\/comments?post=2701"}],"wp:featuredmedia":[{"embeddable":true,"href":"https:\/\/casadolivreiro.pt\/index.php\/wp-json\/wp\/v2\/media\/2702"}],"wp:attachment":[{"href":"https:\/\/casadolivreiro.pt\/index.php\/wp-json\/wp\/v2\/media?parent=2701"}],"wp:term":[{"taxonomy":"product_cat","embeddable":true,"href":"https:\/\/casadolivreiro.pt\/index.php\/wp-json\/wp\/v2\/product_cat?post=2701"},{"taxonomy":"product_tag","embeddable":true,"href":"https:\/\/casadolivreiro.pt\/index.php\/wp-json\/wp\/v2\/product_tag?post=2701"}],"curies":[{"name":"wp","href":"https:\/\/api.w.org\/{rel}","templated":true}]}}