{"id":2696,"date":"2025-02-26T19:43:50","date_gmt":"2025-02-26T19:43:50","guid":{"rendered":"https:\/\/casadolivreiro.pt\/?post_type=product&#038;p=2696"},"modified":"2025-02-26T19:43:50","modified_gmt":"2025-02-26T19:43:50","slug":"dinheiro-amargo-sum-marky-pseudonimo-literario-de-jose-ferreira-marques","status":"publish","type":"product","link":"https:\/\/casadolivreiro.pt\/index.php\/product\/dinheiro-amargo-sum-marky-pseudonimo-literario-de-jose-ferreira-marques\/","title":{"rendered":"DINHEIRO AMARGO \u2013 Sum Marky [pseud\u00f3nimo liter\u00e1rio de Jos\u00e9 Ferreira Marques]"},"content":{"rendered":"<p>DINHEIRO AMARGO \u2013 Sum Marky [pseud\u00f3nimo liter\u00e1rio de Jos\u00e9 Ferreira Marques]<\/p>\n<p>Ano de edi\u00e7\u00e3o:<\/p>\n<p>Editor: Edi\u00e7\u00e3o do Autor<\/p>\n<p>Idioma: Portugu\u00eas<\/p>\n<p>Dimens\u00f5es: 14.5 x 1.4 x 20cm<\/p>\n<p>Encaderna\u00e7\u00e3o: Capa mole<\/p>\n<p>P\u00e1ginas: 190<\/p>\n","protected":false},"excerpt":{"rendered":"<p>DINHEIRO AMARGO \u2013 Sum Marky [pseud\u00f3nimo liter\u00e1rio de Jos\u00e9 Ferreira Marques] Ano de edi\u00e7\u00e3o: Editor: Edi\u00e7\u00e3o do Autor Idioma: Portugu\u00eas Dimens\u00f5es: 14.5 x 1.4 x 20cm Encaderna\u00e7\u00e3o: Capa mole P\u00e1ginas: 190<\/p>\n","protected":false},"featured_media":2697,"comment_status":"open","ping_status":"closed","template":"","meta":{"om_disable_all_campaigns":false,"_monsterinsights_skip_tracking":false,"_monsterinsights_sitenote_active":false,"_monsterinsights_sitenote_note":"","_monsterinsights_sitenote_category":0,"_uf_show_specific_survey":0,"_uf_disable_surveys":false},"product_cat":[25,67],"product_tag":[],"aioseo_notices":[],"jetpack_sharing_enabled":true,"_links":{"self":[{"href":"https:\/\/casadolivreiro.pt\/index.php\/wp-json\/wp\/v2\/product\/2696"}],"collection":[{"href":"https:\/\/casadolivreiro.pt\/index.php\/wp-json\/wp\/v2\/product"}],"about":[{"href":"https:\/\/casadolivreiro.pt\/index.php\/wp-json\/wp\/v2\/types\/product"}],"replies":[{"embeddable":true,"href":"https:\/\/casadolivreiro.pt\/index.php\/wp-json\/wp\/v2\/comments?post=2696"}],"wp:featuredmedia":[{"embeddable":true,"href":"https:\/\/casadolivreiro.pt\/index.php\/wp-json\/wp\/v2\/media\/2697"}],"wp:attachment":[{"href":"https:\/\/casadolivreiro.pt\/index.php\/wp-json\/wp\/v2\/media?parent=2696"}],"wp:term":[{"taxonomy":"product_cat","embeddable":true,"href":"https:\/\/casadolivreiro.pt\/index.php\/wp-json\/wp\/v2\/product_cat?post=2696"},{"taxonomy":"product_tag","embeddable":true,"href":"https:\/\/casadolivreiro.pt\/index.php\/wp-json\/wp\/v2\/product_tag?post=2696"}],"curies":[{"name":"wp","href":"https:\/\/api.w.org\/{rel}","templated":true}]}}