{"id":2690,"date":"2025-02-26T17:47:34","date_gmt":"2025-02-26T17:47:34","guid":{"rendered":"https:\/\/casadolivreiro.pt\/?post_type=product&#038;p=2690"},"modified":"2025-02-26T17:47:35","modified_gmt":"2025-02-26T17:47:35","slug":"economia-internacional-bo-sodersten","status":"publish","type":"product","link":"https:\/\/casadolivreiro.pt\/index.php\/product\/economia-internacional-bo-sodersten\/","title":{"rendered":"ECONOMIA INTERNACIONAL \u2013 Bo S\u00f6dersten"},"content":{"rendered":"<p>ECONOMIA INTERNACIONAL \u2013 Bo S\u00f6dersten<\/p>\n<p>Tradu\u00e7\u00e3o de Fl\u00e1vio Wanderley Lara<\/p>\n<p>Ano de edi\u00e7\u00e3o: 1979<\/p>\n<p>Editor: Interci\u00e9ncia, Rio de Janeiro<\/p>\n<p>Idioma: Portugu\u00eas<\/p>\n<p>Dimens\u00f5es: 16 x 2.7 x 23cm<\/p>\n<p>Encaderna\u00e7\u00e3o: Capa mole<\/p>\n<p>P\u00e1ginas: 533<\/p>\n","protected":false},"excerpt":{"rendered":"<p>ECONOMIA INTERNACIONAL \u2013 Bo S\u00f6dersten Tradu\u00e7\u00e3o de Fl\u00e1vio Wanderley Lara Ano de edi\u00e7\u00e3o: 1979 Editor: Interci\u00e9ncia, Rio de Janeiro Idioma: Portugu\u00eas Dimens\u00f5es: 16 x 2.7 x 23cm Encaderna\u00e7\u00e3o: Capa mole P\u00e1ginas: 533<\/p>\n","protected":false},"featured_media":2691,"comment_status":"open","ping_status":"closed","template":"","meta":{"om_disable_all_campaigns":false,"_monsterinsights_skip_tracking":false,"_monsterinsights_sitenote_active":false,"_monsterinsights_sitenote_note":"","_monsterinsights_sitenote_category":0,"_uf_show_specific_survey":0,"_uf_disable_surveys":false},"product_cat":[41,47],"product_tag":[],"aioseo_notices":[],"jetpack_sharing_enabled":true,"_links":{"self":[{"href":"https:\/\/casadolivreiro.pt\/index.php\/wp-json\/wp\/v2\/product\/2690"}],"collection":[{"href":"https:\/\/casadolivreiro.pt\/index.php\/wp-json\/wp\/v2\/product"}],"about":[{"href":"https:\/\/casadolivreiro.pt\/index.php\/wp-json\/wp\/v2\/types\/product"}],"replies":[{"embeddable":true,"href":"https:\/\/casadolivreiro.pt\/index.php\/wp-json\/wp\/v2\/comments?post=2690"}],"wp:featuredmedia":[{"embeddable":true,"href":"https:\/\/casadolivreiro.pt\/index.php\/wp-json\/wp\/v2\/media\/2691"}],"wp:attachment":[{"href":"https:\/\/casadolivreiro.pt\/index.php\/wp-json\/wp\/v2\/media?parent=2690"}],"wp:term":[{"taxonomy":"product_cat","embeddable":true,"href":"https:\/\/casadolivreiro.pt\/index.php\/wp-json\/wp\/v2\/product_cat?post=2690"},{"taxonomy":"product_tag","embeddable":true,"href":"https:\/\/casadolivreiro.pt\/index.php\/wp-json\/wp\/v2\/product_tag?post=2690"}],"curies":[{"name":"wp","href":"https:\/\/api.w.org\/{rel}","templated":true}]}}