{"id":2688,"date":"2025-02-26T17:45:19","date_gmt":"2025-02-26T17:45:19","guid":{"rendered":"https:\/\/casadolivreiro.pt\/?post_type=product&#038;p=2688"},"modified":"2025-02-26T17:45:19","modified_gmt":"2025-02-26T17:45:19","slug":"introducao-a-teoria-economica-livro-de-exercicios-luis-f-costa-francisco-j-nunes","status":"publish","type":"product","link":"https:\/\/casadolivreiro.pt\/index.php\/product\/introducao-a-teoria-economica-livro-de-exercicios-luis-f-costa-francisco-j-nunes\/","title":{"rendered":"INTRODU\u00c7\u00c3O \u00c0 TEORIA ECON\u00d3MICA, LIVRO DE EXERCICIOS \u2013 Luis F. Costa, Francisco J. Nunes"},"content":{"rendered":"<p>INTRODU\u00c7\u00c3O \u00c0 TEORIA ECON\u00d3MICA, LIVRO DE EXERCICIOS \u2013 Luis F. Costa, Francisco J. Nunes<\/p>\n<p>Ano de edi\u00e7\u00e3o: 1997<\/p>\n<p>Editor: Texto Editora<\/p>\n<p>Idioma: Portugu\u00eas<\/p>\n<p>Dimens\u00f5es: 16.3 x 1.7 x 23.5cm<\/p>\n<p>Encaderna\u00e7\u00e3o: Capa mole<\/p>\n<p>P\u00e1ginas: 415<\/p>\n","protected":false},"excerpt":{"rendered":"<p>INTRODU\u00c7\u00c3O \u00c0 TEORIA ECON\u00d3MICA, LIVRO DE EXERCICIOS \u2013 Luis F. Costa, Francisco J. Nunes Ano de edi\u00e7\u00e3o: 1997 Editor: Texto Editora Idioma: Portugu\u00eas Dimens\u00f5es: 16.3 x 1.7 x 23.5cm Encaderna\u00e7\u00e3o: Capa mole P\u00e1ginas: 415<\/p>\n","protected":false},"featured_media":2689,"comment_status":"open","ping_status":"closed","template":"","meta":{"om_disable_all_campaigns":false,"_monsterinsights_skip_tracking":false,"_monsterinsights_sitenote_active":false,"_monsterinsights_sitenote_note":"","_monsterinsights_sitenote_category":0,"_uf_show_specific_survey":0,"_uf_disable_surveys":false},"product_cat":[41,47],"product_tag":[],"aioseo_notices":[],"jetpack_sharing_enabled":true,"_links":{"self":[{"href":"https:\/\/casadolivreiro.pt\/index.php\/wp-json\/wp\/v2\/product\/2688"}],"collection":[{"href":"https:\/\/casadolivreiro.pt\/index.php\/wp-json\/wp\/v2\/product"}],"about":[{"href":"https:\/\/casadolivreiro.pt\/index.php\/wp-json\/wp\/v2\/types\/product"}],"replies":[{"embeddable":true,"href":"https:\/\/casadolivreiro.pt\/index.php\/wp-json\/wp\/v2\/comments?post=2688"}],"wp:featuredmedia":[{"embeddable":true,"href":"https:\/\/casadolivreiro.pt\/index.php\/wp-json\/wp\/v2\/media\/2689"}],"wp:attachment":[{"href":"https:\/\/casadolivreiro.pt\/index.php\/wp-json\/wp\/v2\/media?parent=2688"}],"wp:term":[{"taxonomy":"product_cat","embeddable":true,"href":"https:\/\/casadolivreiro.pt\/index.php\/wp-json\/wp\/v2\/product_cat?post=2688"},{"taxonomy":"product_tag","embeddable":true,"href":"https:\/\/casadolivreiro.pt\/index.php\/wp-json\/wp\/v2\/product_tag?post=2688"}],"curies":[{"name":"wp","href":"https:\/\/api.w.org\/{rel}","templated":true}]}}