{"id":2678,"date":"2025-02-26T17:31:56","date_gmt":"2025-02-26T17:31:56","guid":{"rendered":"https:\/\/casadolivreiro.pt\/?post_type=product&#038;p=2678"},"modified":"2025-02-26T17:31:56","modified_gmt":"2025-02-26T17:31:56","slug":"os-meninos-do-brasil-ira-levin","status":"publish","type":"product","link":"https:\/\/casadolivreiro.pt\/index.php\/product\/os-meninos-do-brasil-ira-levin\/","title":{"rendered":"OS MENINOS DO BRASIL \u2013 Ira Levin"},"content":{"rendered":"<p>OS MENINOS DO BRASIL \u2013 Ira Levin<\/p>\n<p>Tradu\u00e7\u00e3o de C\u00e9sar Tozzi<\/p>\n<p>Ano de edi\u00e7\u00e3o: 1979<\/p>\n<p>Editor: Livraria Francisco Alves Editora S.A., Rio de Janeiro<\/p>\n<p>Idioma: Portugu\u00eas<\/p>\n<p>Dimens\u00f5es: 13.8 x 2 x 20.7cm<\/p>\n<p>Encaderna\u00e7\u00e3o: Capa mole<\/p>\n<p>P\u00e1ginas: 308<\/p>\n","protected":false},"excerpt":{"rendered":"<p>OS MENINOS DO BRASIL \u2013 Ira Levin Tradu\u00e7\u00e3o de C\u00e9sar Tozzi Ano de edi\u00e7\u00e3o: 1979 Editor: Livraria Francisco Alves Editora S.A., Rio de Janeiro Idioma: Portugu\u00eas Dimens\u00f5es: 13.8 x 2 x 20.7cm Encaderna\u00e7\u00e3o: Capa mole P\u00e1ginas: 308<\/p>\n","protected":false},"featured_media":2679,"comment_status":"open","ping_status":"closed","template":"","meta":{"om_disable_all_campaigns":false,"_monsterinsights_skip_tracking":false,"_monsterinsights_sitenote_active":false,"_monsterinsights_sitenote_note":"","_monsterinsights_sitenote_category":0,"_uf_show_specific_survey":0,"_uf_disable_surveys":false},"product_cat":[26,44],"product_tag":[],"aioseo_notices":[],"jetpack_sharing_enabled":true,"_links":{"self":[{"href":"https:\/\/casadolivreiro.pt\/index.php\/wp-json\/wp\/v2\/product\/2678"}],"collection":[{"href":"https:\/\/casadolivreiro.pt\/index.php\/wp-json\/wp\/v2\/product"}],"about":[{"href":"https:\/\/casadolivreiro.pt\/index.php\/wp-json\/wp\/v2\/types\/product"}],"replies":[{"embeddable":true,"href":"https:\/\/casadolivreiro.pt\/index.php\/wp-json\/wp\/v2\/comments?post=2678"}],"wp:featuredmedia":[{"embeddable":true,"href":"https:\/\/casadolivreiro.pt\/index.php\/wp-json\/wp\/v2\/media\/2679"}],"wp:attachment":[{"href":"https:\/\/casadolivreiro.pt\/index.php\/wp-json\/wp\/v2\/media?parent=2678"}],"wp:term":[{"taxonomy":"product_cat","embeddable":true,"href":"https:\/\/casadolivreiro.pt\/index.php\/wp-json\/wp\/v2\/product_cat?post=2678"},{"taxonomy":"product_tag","embeddable":true,"href":"https:\/\/casadolivreiro.pt\/index.php\/wp-json\/wp\/v2\/product_tag?post=2678"}],"curies":[{"name":"wp","href":"https:\/\/api.w.org\/{rel}","templated":true}]}}