{"id":2670,"date":"2025-02-26T17:21:05","date_gmt":"2025-02-26T17:21:05","guid":{"rendered":"https:\/\/casadolivreiro.pt\/?post_type=product&#038;p=2670"},"modified":"2025-02-26T17:21:05","modified_gmt":"2025-02-26T17:21:05","slug":"o-franciscano-de-bourges-marc-toledano","status":"publish","type":"product","link":"https:\/\/casadolivreiro.pt\/index.php\/product\/o-franciscano-de-bourges-marc-toledano\/","title":{"rendered":"O FRANCISCANO DE BOURGES \u2013 Marc Tol\u00e9dano"},"content":{"rendered":"<p>O FRANCISCANO DE BOURGES \u2013 Marc Tol\u00e9dano<\/p>\n<p>Tradu\u00e7\u00e3o de A. Garcia Fernandes<\/p>\n<p>Ano de edi\u00e7\u00e3o: 1969<\/p>\n<p>Editor: Livraria Civiliza\u00e7\u00e3o, Porto<\/p>\n<p>Idioma: Portugu\u00eas<\/p>\n<p>Dimens\u00f5es: 14 x 1.7 x 21cm<\/p>\n<p>Encaderna\u00e7\u00e3o: Capa mole<\/p>\n<p>P\u00e1ginas: 243<\/p>\n","protected":false},"excerpt":{"rendered":"<p>O FRANCISCANO DE BOURGES \u2013 Marc Tol\u00e9dano Tradu\u00e7\u00e3o de A. Garcia Fernandes Ano de edi\u00e7\u00e3o: 1969 Editor: Livraria Civiliza\u00e7\u00e3o, Porto Idioma: Portugu\u00eas Dimens\u00f5es: 14 x 1.7 x 21cm Encaderna\u00e7\u00e3o: Capa mole P\u00e1ginas: 243<\/p>\n","protected":false},"featured_media":2671,"comment_status":"open","ping_status":"closed","template":"","meta":{"om_disable_all_campaigns":false,"_monsterinsights_skip_tracking":false,"_monsterinsights_sitenote_active":false,"_monsterinsights_sitenote_note":"","_monsterinsights_sitenote_category":0,"_uf_show_specific_survey":0,"_uf_disable_surveys":false},"product_cat":[26],"product_tag":[],"aioseo_notices":[],"jetpack_sharing_enabled":true,"_links":{"self":[{"href":"https:\/\/casadolivreiro.pt\/index.php\/wp-json\/wp\/v2\/product\/2670"}],"collection":[{"href":"https:\/\/casadolivreiro.pt\/index.php\/wp-json\/wp\/v2\/product"}],"about":[{"href":"https:\/\/casadolivreiro.pt\/index.php\/wp-json\/wp\/v2\/types\/product"}],"replies":[{"embeddable":true,"href":"https:\/\/casadolivreiro.pt\/index.php\/wp-json\/wp\/v2\/comments?post=2670"}],"wp:featuredmedia":[{"embeddable":true,"href":"https:\/\/casadolivreiro.pt\/index.php\/wp-json\/wp\/v2\/media\/2671"}],"wp:attachment":[{"href":"https:\/\/casadolivreiro.pt\/index.php\/wp-json\/wp\/v2\/media?parent=2670"}],"wp:term":[{"taxonomy":"product_cat","embeddable":true,"href":"https:\/\/casadolivreiro.pt\/index.php\/wp-json\/wp\/v2\/product_cat?post=2670"},{"taxonomy":"product_tag","embeddable":true,"href":"https:\/\/casadolivreiro.pt\/index.php\/wp-json\/wp\/v2\/product_tag?post=2670"}],"curies":[{"name":"wp","href":"https:\/\/api.w.org\/{rel}","templated":true}]}}